{"id":75,"date":"2023-07-29T09:56:55","date_gmt":"2023-07-29T09:56:55","guid":{"rendered":"https:\/\/szikralaszlo.valsador.hu\/?page_id=75"},"modified":"2023-07-29T11:36:32","modified_gmt":"2023-07-29T11:36:32","slug":"ajanlatkeres","status":"publish","type":"page","link":"https:\/\/szikralaszlo.hu\/index.php\/ajanlatkeres\/","title":{"rendered":"AJ\u00c1NLATK\u00c9R\u00c9S"},"content":{"rendered":"<p>[et_pb_section fb_built=&#8221;1&#8243; fullwidth=&#8221;on&#8221; _builder_version=&#8221;4.21.0&#8243; _module_preset=&#8221;default&#8221; background_image=&#8221;https:\/\/szikralaszlo.hu\/wp-content\/uploads\/2023\/07\/58b053c805beeea9e04dde1724076741_XL.jpg&#8221; parallax=&#8221;on&#8221; module_alignment=&#8221;center&#8221; custom_padding=&#8221;20vh||20vh||true|false&#8221; global_colors_info=&#8221;{}&#8221;][et_pb_fullwidth_post_title meta=&#8221;off&#8221; featured_image=&#8221;off&#8221; _builder_version=&#8221;4.21.0&#8243; _module_preset=&#8221;default&#8221; title_font=&#8221;|800|||||||&#8221; title_text_align=&#8221;left&#8221; title_text_color=&#8221;#FFFFFF&#8221; title_font_size=&#8221;43px&#8221; custom_padding=&#8221;0px|||||&#8221; global_colors_info=&#8221;{}&#8221;][\/et_pb_fullwidth_post_title][\/et_pb_section][et_pb_section fb_built=&#8221;1&#8243; _builder_version=&#8221;4.21.0&#8243; _module_preset=&#8221;default&#8221; background_enable_image=&#8221;off&#8221; global_colors_info=&#8221;{}&#8221;][et_pb_row _builder_version=&#8221;4.21.0&#8243; _module_preset=&#8221;default&#8221; global_colors_info=&#8221;{}&#8221;][et_pb_column type=&#8221;4_4&#8243; _builder_version=&#8221;4.21.0&#8243; _module_preset=&#8221;default&#8221; global_colors_info=&#8221;{}&#8221;][dsm_caldera_forms _builder_version=&#8221;4.21.0&#8243; _module_preset=&#8221;default&#8221; cf_library=&#8221;CF64c4f78748247&#8243; hover_enabled=&#8221;0&#8243; sticky_enabled=&#8221;0&#8243;][\/dsm_caldera_forms][\/et_pb_column][\/et_pb_row][\/et_pb_section]<\/p>\n","protected":false},"excerpt":{"rendered":"<div class=\"et_pb_module dsm_caldera_forms dsm_caldera_forms_0  dsm_cf_custom_radio dsm_cf_custom_checkbox\">\n\t\t\t\t\n\t\t\t\t\n\t\t\t\t\n\t\t\t\t\n\t\t\t\t\n\t\t\t\t\n\t\t\t\t<div class=\"et_pb_module_inner\">\n\t\t\t\t\t<div class=\"\">\n\t\t\t\t<div class=\"caldera-grid\" id=\"caldera_form_1\" data-cf-ver=\"1.9.7\" data-cf-form-id=\"CF64c4f78748247\"><div id=\"caldera_notices_1\" data-spinner=\"https:\/\/szikralaszlo.hu\/wp-admin\/images\/spinner.gif\"><\/div><form data-instance=\"1\" class=\"CF64c4f78748247 caldera_forms_form cfajax-trigger\" method=\"POST\" enctype=\"multipart\/form-data\" id=\"CF64c4f78748247_1\" data-form-id=\"CF64c4f78748247\" aria-label=\"Aj&aacute;nlatk&eacute;r&eacute;s\" data-target=\"#caldera_notices_1\" data-template=\"#cfajax_CF64c4f78748247-tmpl\" data-cfajax=\"CF64c4f78748247\" data-load-element=\"_parent\" data-load-class=\"cf_processing\" data-post-disable=\"0\" data-action=\"cf_process_ajax_submit\" data-request=\"https:\/\/szikralaszlo.hu\/cf-api\/CF64c4f78748247\" data-hiderows=\"true\">\r\n<input type=\"hidden\" id=\"_cf_verify_CF64c4f78748247\" name=\"_cf_verify\" value=\"1188922251\"  data-nonce-time=\"1778153206\" \/><input type=\"hidden\" name=\"_wp_http_referer\" value=\"\/index.php\/wp-json\/wp\/v2\/pages\/75\" \/><div id=\"cf2-CF64c4f78748247_1\"><\/div><input type=\"hidden\" name=\"_cf_frm_id\" value=\"CF64c4f78748247\">\r\n<input type=\"hidden\" name=\"_cf_frm_ct\" value=\"1\">\r\n<input type=\"hidden\" name=\"cfajax\" value=\"CF64c4f78748247\">\r\n<div class=\"hide\" style=\"display:none; overflow:hidden;height:0;width:0;\">\r\n<label>Phone<\/label><input type=\"text\" name=\"phone\" value=\"\" autocomplete=\"off\">\r\n<\/div><div id=\"CF64c4f78748247_1-row-1\"  class=\"row  first_row\"><div  class=\"col-sm-12  single\"><div data-field-wrapper=\"fld_316202\" class=\"form-group\" id=\"fld_316202_1-wrap\">\r\n\t<label id=\"fld_316202Label\" for=\"fld_316202_1\" class=\"control-label\">Mely szolg\u00e1ltat\u00e1sra szeretn\u00e9l aj\u00e1nlatot k\u00e9rni? <span aria-hidden=\"true\" role=\"presentation\" class=\"field_required\" style=\"color:#ee0000;\">*<\/span><\/label>\r\n\t<div class=\"\">\r\n\t<div class=\"dsm-caldera-forms-select\">\n\t\t<select name=\"fld_316202\" value=\"\" data-field=\"fld_316202\" class=\"form-control et_pb_contact_select input\" id=\"fld_316202_1\"  required=\"required\"  aria-labelledby=\"fld_316202Label\" >\n\t\t<option value=\"\" disabled selected>K\u00e9rlek v\u00e1lassz a lehet\u0151s\u00e9gek k\u00f6z\u00fcl...<\/option>\t\t\t\t\t<option value=\"Stand Up Comedy\"  data-calc-value=\"Stand Up Comedy\" >\n\t\t\t\t\t\tStand Up Comedy\t\t\t\t\t<\/option>\n\t\t\t\t\t\t\t\t\t\t<option value=\"M\u0171sorvezet\u00e9s\"  data-calc-value=\"M\u0171sorvezet\u00e9s\" >\n\t\t\t\t\t\tM\u0171sorvezet\u00e9s\t\t\t\t\t<\/option>\n\t\t\t\t\t\t\t\t\t\t<option value=\"Cerem\u00f3niamester\"  data-calc-value=\"Cerem\u00f3niamester\" >\n\t\t\t\t\t\tCerem\u00f3niamester\t\t\t\t\t<\/option>\n\t\t\t\t\t\t\t\t\t\t<option value=\"Csapat\u00e9p\u00edt\u0151 tr\u00e9ning\"  data-calc-value=\"Csapat\u00e9p\u00edt\u0151 tr\u00e9ning\" >\n\t\t\t\t\t\tCsapat\u00e9p\u00edt\u0151 tr\u00e9ning\t\t\t\t\t<\/option>\n\t\t\t\t\t\t\t<\/select>\n\t<\/div>\n\t\t\t<\/div>\r\n<\/div>\r\n<\/div><\/div><div id=\"CF64c4f78748247_1-row-2\"  class=\"row \"><div  class=\"col-sm-6  first_col\"><div data-field-wrapper=\"fld_7949189\" class=\"form-group\" id=\"fld_7949189_1-wrap\">\r\n\t<label id=\"fld_7949189Label\" for=\"fld_7949189_1\" class=\"control-label\">N\u00e9v <span aria-hidden=\"true\" role=\"presentation\" class=\"field_required\" style=\"color:#ee0000;\">*<\/span><\/label>\r\n\t<div class=\"\">\r\n\t\t<input placeholder=\"N\u00e9v\"  required type=\"text\" data-field=\"fld_7949189\" class=\" form-control\" id=\"fld_7949189_1\" name=\"fld_7949189\" value=\"\" data-type=\"text\" aria-required=\"true\"   aria-labelledby=\"fld_7949189Label\" >\t\t\t<\/div>\r\n<\/div>\r\n<\/div><div  class=\"col-sm-6  last_col\"><div data-field-wrapper=\"fld_5186508\" class=\"form-group\" id=\"fld_5186508_1-wrap\">\r\n\t<label id=\"fld_5186508Label\" for=\"fld_5186508_1\" class=\"control-label\">E-mail c\u00edm <span aria-hidden=\"true\" role=\"presentation\" class=\"field_required\" style=\"color:#ee0000;\">*<\/span><\/label>\r\n\t<div class=\"\">\r\n\t\t<input placeholder=\"E-mail c\u00edm\"  required type=\"email\" data-field=\"fld_5186508\" class=\" form-control\" id=\"fld_5186508_1\" name=\"fld_5186508\" value=\"\" data-type=\"email\" aria-required=\"true\"   aria-labelledby=\"fld_5186508Label\" >\t\t\t<\/div>\r\n<\/div>\r\n<\/div><\/div><div id=\"CF64c4f78748247_1-row-3\"  class=\"row \"><div  class=\"col-sm-6  first_col\">\n<div data-field-wrapper=\"fld_6908382\" class=\"form-group\" id=\"fld_6908382_1-wrap\">\r\n\t<label id=\"fld_6908382Label\" for=\"fld_6908382_1\" class=\"control-label\">D\u00e1tum <span aria-hidden=\"true\" role=\"presentation\" class=\"field_required\" style=\"color:#ee0000;\">*<\/span><\/label>\r\n\t<div class=\"\">\r\n\t\t<input  type=\"text\" data-provide=\"cfdatepicker\" name=\"fld_6908382\" value=\"\" id=\"fld_6908382_1\" data-field=\"fld_6908382\" class=\"form-control cfdatepicker is-cfdatepicker\" data-date-format=\"yyyy-mm-dd\" required=\"1\" data-date-start-view=\"month\" data-date-language=\"hu\"   aria-labelledby=\"fld_6908382Label\" required  \/>\n\t\t\t<\/div>\r\n<\/div>\r\n<\/div><div  class=\"col-sm-6  last_col\"><div data-field-wrapper=\"fld_3940866\" class=\"form-group\" id=\"fld_3940866_1-wrap\">\r\n\t<label id=\"fld_3940866Label\" for=\"fld_3940866_1\" class=\"control-label\">M\u0171sor hossza (\u00f3ra)<\/label>\r\n\t<div class=\"\">\r\n\t\t<input placeholder=\"M\u0171sor hossza (\u00f3ra)\"   type=\"text\" data-field=\"fld_3940866\" class=\" form-control\" id=\"fld_3940866_1\" name=\"fld_3940866\" value=\"\" data-type=\"text\"   aria-labelledby=\"fld_3940866Label\" >\t\t\t<\/div>\r\n<\/div>\r\n<\/div><\/div><div id=\"CF64c4f78748247_1-row-4\"  class=\"row \"><div  class=\"col-sm-6  first_col\"><div data-field-wrapper=\"fld_9478076\" class=\"form-group\" id=\"fld_9478076_1-wrap\">\r\n\t<label id=\"fld_9478076Label\" for=\"fld_9478076_1\" class=\"control-label\">Rendezv\u00e9ny t\u00edpusa (falunap, fesztiv\u00e1l, stb...)<\/label>\r\n\t<div class=\"\">\r\n\t\t<input placeholder=\"Rendezv\u00e9ny t\u00edpusa (falunap, fesztiv\u00e1l, stb...)\"   type=\"text\" data-field=\"fld_9478076\" class=\" form-control\" id=\"fld_9478076_1\" name=\"fld_9478076\" value=\"\" data-type=\"text\"   aria-labelledby=\"fld_9478076Label\" >\t\t\t<\/div>\r\n<\/div>\r\n<\/div><div  class=\"col-sm-6  last_col\"><div data-field-wrapper=\"fld_735592\" class=\"form-group\" id=\"fld_735592_1-wrap\">\r\n\t<label id=\"fld_735592Label\" for=\"fld_735592_1\" class=\"control-label\">Helysz\u00edn \/v\u00e1ros\/ <span aria-hidden=\"true\" role=\"presentation\" class=\"field_required\" style=\"color:#ee0000;\">*<\/span><\/label>\r\n\t<div class=\"\">\r\n\t\t<input   required type=\"text\" data-field=\"fld_735592\" class=\" form-control\" id=\"fld_735592_1\" name=\"fld_735592\" value=\"\" data-type=\"text\" aria-required=\"true\"   aria-labelledby=\"fld_735592Label\" >\t\t\t<\/div>\r\n<\/div>\r\n<\/div><\/div><div id=\"CF64c4f78748247_1-row-5\"  class=\"row  last_row\"><div  class=\"col-sm-6  first_col\"><div data-field-wrapper=\"fld_6467531\" class=\"form-group\" id=\"fld_6467531_1-wrap\">\r\n\t<label id=\"fld_6467531Label\" for=\"fld_6467531_1\" class=\"control-label\">Hol hallottatok Szikra L\u00e1szl\u00f3r\u00f3l?<\/label>\r\n\t<div class=\"\">\r\n\t<div class=\"dsm-caldera-forms-select\">\n\t\t<select name=\"fld_6467531\" value=\"\" data-field=\"fld_6467531\" class=\"form-control et_pb_contact_select input\" id=\"fld_6467531_1\"    aria-labelledby=\"fld_6467531Label\" >\n\t\t<option value=\"\" disabled selected>K\u00e9rlek v\u00e1lassz a lehet\u0151s\u00e9gek k\u00f6z\u00fcl...<\/option>\t\t\t\t\t<option value=\"Google keres\u00e9s\"  data-calc-value=\"Google keres\u00e9s\" >\n\t\t\t\t\t\tGoogle keres\u00e9s\t\t\t\t\t<\/option>\n\t\t\t\t\t\t\t\t\t\t<option value=\"Facebook\"  data-calc-value=\"Facebook\" >\n\t\t\t\t\t\tFacebook\t\t\t\t\t<\/option>\n\t\t\t\t\t\t\t\t\t\t<option value=\"Ismer\u0151s aj\u00e1nlott\"  data-calc-value=\"Ismer\u0151s aj\u00e1nlott\" >\n\t\t\t\t\t\tIsmer\u0151s aj\u00e1nlott\t\t\t\t\t<\/option>\n\t\t\t\t\t\t\t\t\t\t<option value=\"Esk\u00fcv\u0151i szolg\u00e1ltat\u00f3 aj\u00e1nlott\"  data-calc-value=\"Esk\u00fcv\u0151i szolg\u00e1ltat\u00f3 aj\u00e1nlott\" >\n\t\t\t\t\t\tEsk\u00fcv\u0151i szolg\u00e1ltat\u00f3 aj\u00e1nlott\t\t\t\t\t<\/option>\n\t\t\t\t\t\t\t\t\t\t<option value=\"Egy\u00e9b\"  data-calc-value=\"Egy\u00e9b\" >\n\t\t\t\t\t\tEgy\u00e9b\t\t\t\t\t<\/option>\n\t\t\t\t\t\t\t<\/select>\n\t<\/div>\n\t\t\t<\/div>\r\n<\/div>\r\n<\/div><div  class=\"col-sm-6  last_col\"><div data-field-wrapper=\"fld_1908285\" class=\"form-group\" id=\"fld_1908285_1-wrap\">\r\n\t<label id=\"fld_1908285Label\" for=\"fld_1908285_1\" class=\"control-label\">\u00dczenet<\/label>\r\n\t<div class=\"\">\r\n\t\t<textarea name=\"fld_1908285\" value=\"\" data-field=\"fld_1908285\" class=\"form-control\" id=\"fld_1908285_1\" rows=\"4\" placeholder=\"Ide \u00edrd le az \u00fczeneted...\"    aria-labelledby=\"fld_1908285Label\" ><\/textarea>\n\t\t\t<\/div>\r\n<\/div>\r\n<div data-field-wrapper=\"fld_9386741\" class=\"form-group\" id=\"fld_9386741_1-wrap\">\r\n\n\t<div class=\"et_pb_button_module_wrapper\">\n\t\t<button class=\"btn btn-default et_pb_button dsm-cf-submit-button\" type=\"submit\" name=\"fld_9386741\" id=\"fld_9386741_1\" value=\"Aj\u00e1nlatk\u00e9r\u00e9s elk\u00fcld\u00e9se\" data-field=\"fld_9386741\"  >Aj\u00e1nlatk\u00e9r\u00e9s elk\u00fcld\u00e9se<\/button>\n\t<\/div>\n<\/div>\r\n\t<input class=\"button_trigger_1\" type=\"hidden\" name=\"fld_9386741\" id=\"fld_9386741_1_btn\" value=\"\" data-field=\"fld_9386741\"  \/>\n<\/div><\/div><\/form>\r\n<\/div>\r\n\n\t\t\t<\/div>\n\t\t\t\t<\/div>\n\t\t\t<\/div>\n","protected":false},"author":1,"featured_media":0,"parent":0,"menu_order":0,"comment_status":"closed","ping_status":"closed","template":"","meta":{"_et_pb_use_builder":"on","_et_pb_old_content":"<!-- wp:divi\/placeholder \/-->","_et_gb_content_width":"","footnotes":""},"class_list":["post-75","page","type-page","status-publish","hentry"],"_links":{"self":[{"href":"https:\/\/szikralaszlo.hu\/index.php\/wp-json\/wp\/v2\/pages\/75","targetHints":{"allow":["GET"]}}],"collection":[{"href":"https:\/\/szikralaszlo.hu\/index.php\/wp-json\/wp\/v2\/pages"}],"about":[{"href":"https:\/\/szikralaszlo.hu\/index.php\/wp-json\/wp\/v2\/types\/page"}],"author":[{"embeddable":true,"href":"https:\/\/szikralaszlo.hu\/index.php\/wp-json\/wp\/v2\/users\/1"}],"replies":[{"embeddable":true,"href":"https:\/\/szikralaszlo.hu\/index.php\/wp-json\/wp\/v2\/comments?post=75"}],"version-history":[{"count":4,"href":"https:\/\/szikralaszlo.hu\/index.php\/wp-json\/wp\/v2\/pages\/75\/revisions"}],"predecessor-version":[{"id":187,"href":"https:\/\/szikralaszlo.hu\/index.php\/wp-json\/wp\/v2\/pages\/75\/revisions\/187"}],"wp:attachment":[{"href":"https:\/\/szikralaszlo.hu\/index.php\/wp-json\/wp\/v2\/media?parent=75"}],"curies":[{"name":"wp","href":"https:\/\/api.w.org\/{rel}","templated":true}]}}