{"id":73,"date":"2023-07-29T09:56:44","date_gmt":"2023-07-29T09:56:44","guid":{"rendered":"https:\/\/szikralaszlo.valsador.hu\/?page_id=73"},"modified":"2023-07-29T10:58:55","modified_gmt":"2023-07-29T10:58:55","slug":"csapatepito-treningek","status":"publish","type":"page","link":"https:\/\/szikralaszlo.hu\/index.php\/csapatepito-treningek\/","title":{"rendered":"CSAPAT\u00c9P\u00cdT\u0150 TR\u00c9NINGEK"},"content":{"rendered":"<p>[et_pb_section fb_built=&#8221;1&#8243; fullwidth=&#8221;on&#8221; _builder_version=&#8221;4.21.0&#8243; _module_preset=&#8221;default&#8221; background_image=&#8221;https:\/\/szikralaszlo.hu\/wp-content\/uploads\/2023\/07\/csapatepito.jpg&#8221; parallax=&#8221;on&#8221; module_alignment=&#8221;center&#8221; custom_padding=&#8221;20vh||20vh||true|false&#8221; hover_enabled=&#8221;0&#8243; global_colors_info=&#8221;{}&#8221; theme_builder_area=&#8221;post_content&#8221; title_text=&#8221;csapatepito&#8221; sticky_enabled=&#8221;0&#8243;][et_pb_fullwidth_post_title meta=&#8221;off&#8221; featured_image=&#8221;off&#8221; _builder_version=&#8221;4.21.0&#8243; _module_preset=&#8221;default&#8221; title_font=&#8221;|800|||||||&#8221; title_text_align=&#8221;left&#8221; title_text_color=&#8221;#FFFFFF&#8221; title_font_size=&#8221;43px&#8221; custom_padding=&#8221;0px|||||&#8221; global_colors_info=&#8221;{}&#8221; theme_builder_area=&#8221;post_content&#8221;][\/et_pb_fullwidth_post_title][\/et_pb_section][et_pb_section fb_built=&#8221;1&#8243; _builder_version=&#8221;4.21.0&#8243; _module_preset=&#8221;default&#8221; background_image=&#8221;https:\/\/szikralaszlo.hu\/wp-content\/uploads\/2023\/07\/bg.jpg&#8221; global_colors_info=&#8221;{}&#8221; theme_builder_area=&#8221;post_content&#8221;][et_pb_row _builder_version=&#8221;4.21.0&#8243; _module_preset=&#8221;default&#8221; hover_enabled=&#8221;0&#8243; global_colors_info=&#8221;{}&#8221; column_structure=&#8221;1_2,1_2&#8243; theme_builder_area=&#8221;post_content&#8221; use_custom_gutter=&#8221;on&#8221; make_equal=&#8221;on&#8221; sticky_enabled=&#8221;0&#8243;][et_pb_column type=&#8221;1_2&#8243; _builder_version=&#8221;4.21.0&#8243; _module_preset=&#8221;default&#8221; hover_enabled=&#8221;0&#8243; global_colors_info=&#8221;{}&#8221; theme_builder_area=&#8221;post_content&#8221; custom_css_main_element=&#8221;margin:auto;&#8221; sticky_enabled=&#8221;0&#8243;][et_pb_text _builder_version=&#8221;4.21.0&#8243; _module_preset=&#8221;default&#8221; global_colors_info=&#8221;{}&#8221; theme_builder_area=&#8221;post_content&#8221;]<\/p>\n<p><b>Sok c\u00e9g, munkahely \u00e9let\u00e9ben elj\u00f6n az-az alkalom, amikor szeretn\u00e9 viszonozni dolgoz\u00f3inak, munkat\u00e1rsainak a kitart\u00f3, lelkiismeretes munk\u00e1t egy \u00f6sszej\u00f6vetel, kir\u00e1ndul\u00e1s, c\u00e9ges vacsora, vagy csal\u00e1di nap keret\u00e9ben.<\/b><\/p>\n<p><span>Ilyenkor a szervez\u0151kben felmer\u00fcl a k\u00e9rd\u00e9s, hogy mivel lehetne m\u00e9g feldobni, felejthetetlenebb\u00e9 tenni a napot \u00fagy, hogy k\u00f6zben a t\u00e1rsas\u00e1g m\u00e9g jobban \u00f6sszekov\u00e1csol\u00f3djon. \u00c9n ebben is seg\u00edt\u0151 kezet tudok ny\u00fajtani.<\/span><\/p>\n<p>[\/et_pb_text][\/et_pb_column][et_pb_column type=&#8221;1_2&#8243; _builder_version=&#8221;4.21.0&#8243; _module_preset=&#8221;default&#8221; global_colors_info=&#8221;{}&#8221; theme_builder_area=&#8221;post_content&#8221;][et_pb_image src=&#8221;https:\/\/szikralaszlo.hu\/wp-content\/uploads\/2023\/07\/csapatepito_2-1.jpg&#8221; _builder_version=&#8221;4.21.0&#8243; _module_preset=&#8221;default&#8221; theme_builder_area=&#8221;post_content&#8221; title_text=&#8221;csapatepito_2 (1)&#8221; hover_enabled=&#8221;0&#8243; sticky_enabled=&#8221;0&#8243;][\/et_pb_image][\/et_pb_column][\/et_pb_row][et_pb_row _builder_version=&#8221;4.21.0&#8243; _module_preset=&#8221;default&#8221; hover_enabled=&#8221;0&#8243; global_colors_info=&#8221;{}&#8221; column_structure=&#8221;1_2,1_2&#8243; theme_builder_area=&#8221;post_content&#8221; use_custom_gutter=&#8221;on&#8221; make_equal=&#8221;on&#8221; sticky_enabled=&#8221;0&#8243;][et_pb_column type=&#8221;1_2&#8243; _builder_version=&#8221;4.21.0&#8243; _module_preset=&#8221;default&#8221; global_colors_info=&#8221;{}&#8221; theme_builder_area=&#8221;post_content&#8221;][et_pb_image src=&#8221;https:\/\/szikralaszlo.hu\/wp-content\/uploads\/2023\/07\/csapatepito_1.jpg&#8221; _builder_version=&#8221;4.21.0&#8243; _module_preset=&#8221;default&#8221; theme_builder_area=&#8221;post_content&#8221; title_text=&#8221;csapatepito_1&#8243; hover_enabled=&#8221;0&#8243; sticky_enabled=&#8221;0&#8243;][\/et_pb_image][\/et_pb_column][et_pb_column type=&#8221;1_2&#8243; _builder_version=&#8221;4.21.0&#8243; _module_preset=&#8221;default&#8221; hover_enabled=&#8221;0&#8243; global_colors_info=&#8221;{}&#8221; theme_builder_area=&#8221;post_content&#8221; custom_css_main_element=&#8221;margin:auto;&#8221; sticky_enabled=&#8221;0&#8243;][et_pb_text _builder_version=&#8221;4.21.0&#8243; _module_preset=&#8221;default&#8221; hover_enabled=&#8221;0&#8243; global_colors_info=&#8221;{}&#8221; theme_builder_area=&#8221;post_content&#8221; sticky_enabled=&#8221;0&#8243;]<\/p>\n<p><span>17 \u00e9ves testnevel\u0151 tan\u00e1ri tapasztalatomat \u00f6sszegy\u00farom a humorista \u00e9nemmel, \u00e9s egy nem mindennapi, rengeteg nevet\u00e9ssel \u00e9s m\u00f3k\u00e1val teli, j\u00e1t\u00e9kos d\u00e9lut\u00e1nt kerek\u00edtek a csapatnak.<\/span><\/p>\n<p><span>Egy olyan esem\u00e9nyt, amelyben egy\u00fctt m\u00f3k\u00e1zik feln\u0151tt \u00e9s gyermek egyar\u00e1nt.<\/span><br \/><span>A j\u00e1t\u00e9kos d\u00e9lut\u00e1n megkoron\u00e1z\u00e1sak\u00e9nt, gr\u00e1tiszba j\u00e1r egy humorm\u0171sor is.<\/span><\/p>\n<p>[\/et_pb_text][\/et_pb_column][\/et_pb_row][et_pb_row _builder_version=&#8221;4.21.0&#8243; _module_preset=&#8221;default&#8221; theme_builder_area=&#8221;post_content&#8221;][et_pb_column _builder_version=&#8221;4.21.0&#8243; _module_preset=&#8221;default&#8221; type=&#8221;4_4&#8243; theme_builder_area=&#8221;post_content&#8221;][et_pb_button button_url=&#8221;@ET-DC@eyJkeW5hbWljIjp0cnVlLCJjb250ZW50IjoicG9zdF9saW5rX3VybF9wYWdlIiwic2V0dGluZ3MiOnsicG9zdF9pZCI6Ijc1In19@&#8221; button_text=&#8221;Aj\u00e1nlatot k\u00e9rek&#8221; _builder_version=&#8221;4.21.0&#8243; _dynamic_attributes=&#8221;button_url&#8221; _module_preset=&#8221;default&#8221; hover_enabled=&#8221;0&#8243; global_colors_info=&#8221;{}&#8221; theme_builder_area=&#8221;post_content&#8221; button_alignment=&#8221;center&#8221; sticky_enabled=&#8221;0&#8243;][\/et_pb_button][\/et_pb_column][\/et_pb_row][\/et_pb_section]<\/p>\n","protected":false},"excerpt":{"rendered":"<p>Sok c\u00e9g, munkahely \u00e9let\u00e9ben elj\u00f6n az-az alkalom, amikor szeretn\u00e9 viszonozni dolgoz\u00f3inak, munkat\u00e1rsainak a kitart\u00f3, lelkiismeretes munk\u00e1t egy \u00f6sszej\u00f6vetel, kir\u00e1ndul\u00e1s, c\u00e9ges vacsora, vagy csal\u00e1di nap keret\u00e9ben.Ilyenkor a szervez\u0151kben felmer\u00fcl a k\u00e9rd\u00e9s, hogy mivel lehetne m\u00e9g feldobni, felejthetetlenebb\u00e9 tenni a napot \u00fagy, hogy k\u00f6zben a t\u00e1rsas\u00e1g m\u00e9g jobban \u00f6sszekov\u00e1csol\u00f3djon. \u00c9n ebben is seg\u00edt\u0151 kezet tudok ny\u00fajtani.17 \u00e9ves [&hellip;]<\/p>\n","protected":false},"author":1,"featured_media":0,"parent":0,"menu_order":0,"comment_status":"closed","ping_status":"closed","template":"","meta":{"_et_pb_use_builder":"on","_et_pb_old_content":"<!-- wp:divi\/placeholder \/-->","_et_gb_content_width":"","footnotes":""},"class_list":["post-73","page","type-page","status-publish","hentry"],"_links":{"self":[{"href":"https:\/\/szikralaszlo.hu\/index.php\/wp-json\/wp\/v2\/pages\/73","targetHints":{"allow":["GET"]}}],"collection":[{"href":"https:\/\/szikralaszlo.hu\/index.php\/wp-json\/wp\/v2\/pages"}],"about":[{"href":"https:\/\/szikralaszlo.hu\/index.php\/wp-json\/wp\/v2\/types\/page"}],"author":[{"embeddable":true,"href":"https:\/\/szikralaszlo.hu\/index.php\/wp-json\/wp\/v2\/users\/1"}],"replies":[{"embeddable":true,"href":"https:\/\/szikralaszlo.hu\/index.php\/wp-json\/wp\/v2\/comments?post=73"}],"version-history":[{"count":4,"href":"https:\/\/szikralaszlo.hu\/index.php\/wp-json\/wp\/v2\/pages\/73\/revisions"}],"predecessor-version":[{"id":142,"href":"https:\/\/szikralaszlo.hu\/index.php\/wp-json\/wp\/v2\/pages\/73\/revisions\/142"}],"wp:attachment":[{"href":"https:\/\/szikralaszlo.hu\/index.php\/wp-json\/wp\/v2\/media?parent=73"}],"curies":[{"name":"wp","href":"https:\/\/api.w.org\/{rel}","templated":true}]}}