{"id":71,"date":"2023-07-29T09:56:34","date_gmt":"2023-07-29T09:56:34","guid":{"rendered":"https:\/\/szikralaszlo.valsador.hu\/?page_id=71"},"modified":"2023-07-29T10:55:24","modified_gmt":"2023-07-29T10:55:24","slug":"musorvezetes","status":"publish","type":"page","link":"https:\/\/szikralaszlo.hu\/index.php\/musorvezetes\/","title":{"rendered":"M\u0170SORVEZET\u00c9S"},"content":{"rendered":"<p>[et_pb_section fb_built=&#8221;1&#8243; fullwidth=&#8221;on&#8221; _builder_version=&#8221;4.21.0&#8243; _module_preset=&#8221;default&#8221; background_image=&#8221;https:\/\/szikralaszlo.hu\/wp-content\/uploads\/2023\/07\/musorvezetes.jpg&#8221; parallax=&#8221;on&#8221; module_alignment=&#8221;center&#8221; custom_padding=&#8221;20vh||20vh||true|false&#8221; hover_enabled=&#8221;0&#8243; global_colors_info=&#8221;{}&#8221; theme_builder_area=&#8221;post_content&#8221; title_text=&#8221;musorvezetes&#8221; sticky_enabled=&#8221;0&#8243;][et_pb_fullwidth_post_title meta=&#8221;off&#8221; featured_image=&#8221;off&#8221; _builder_version=&#8221;4.21.0&#8243; _module_preset=&#8221;default&#8221; title_font=&#8221;|800|||||||&#8221; title_text_align=&#8221;left&#8221; title_text_color=&#8221;#FFFFFF&#8221; title_font_size=&#8221;43px&#8221; custom_padding=&#8221;0px|||||&#8221; hover_enabled=&#8221;0&#8243; global_colors_info=&#8221;{}&#8221; theme_builder_area=&#8221;post_content&#8221; sticky_enabled=&#8221;0&#8243;][\/et_pb_fullwidth_post_title][\/et_pb_section][et_pb_section fb_built=&#8221;1&#8243; _builder_version=&#8221;4.21.0&#8243; _module_preset=&#8221;default&#8221; background_image=&#8221;https:\/\/szikralaszlo.hu\/wp-content\/uploads\/2023\/07\/bg.jpg&#8221; global_colors_info=&#8221;{}&#8221; theme_builder_area=&#8221;post_content&#8221;][et_pb_row _builder_version=&#8221;4.21.0&#8243; _module_preset=&#8221;default&#8221; global_colors_info=&#8221;{}&#8221; theme_builder_area=&#8221;post_content&#8221;][et_pb_column type=&#8221;4_4&#8243; _builder_version=&#8221;4.21.0&#8243; _module_preset=&#8221;default&#8221; global_colors_info=&#8221;{}&#8221; theme_builder_area=&#8221;post_content&#8221;][et_pb_text _builder_version=&#8221;4.21.0&#8243; _module_preset=&#8221;default&#8221; global_colors_info=&#8221;{}&#8221; theme_builder_area=&#8221;post_content&#8221;]<\/p>\n<p><b>Tal\u00e1n \u00f6nben is felmer\u00fclt m\u00e1r a k\u00e9rd\u00e9s: \u201eHogyan lehetne \u00f6sszefogni, \u00f6sszek\u00f6tni, g\u00f6rd\u00fcl\u00e9kenyebb\u00e9 tenni egy rendezv\u00e9ny programjait?&#8221;, legyen sz\u00f3 b\u00e1lr\u00f3l, c\u00e9ges, csal\u00e1di rendezv\u00e9nyr\u0151l, vagy ak\u00e1r egy adott telep\u00fcl\u00e9s szabadt\u00e9ri- esetleg z\u00e1rt esem\u00e9ny\u00e9r\u0151l, illetve sportrendezv\u00e9nyr\u0151l.<\/b><\/p>\n<p>[\/et_pb_text][\/et_pb_column][\/et_pb_row][et_pb_row _builder_version=&#8221;4.21.0&#8243; _module_preset=&#8221;default&#8221; theme_builder_area=&#8221;post_content&#8221; column_structure=&#8221;1_2,1_2&#8243; custom_padding=&#8221;||0px|||&#8221;][et_pb_column _builder_version=&#8221;4.21.0&#8243; _module_preset=&#8221;default&#8221; type=&#8221;1_2&#8243; theme_builder_area=&#8221;post_content&#8221;][et_pb_text _builder_version=&#8221;4.21.0&#8243; _module_preset=&#8221;default&#8221; theme_builder_area=&#8221;post_content&#8221; hover_enabled=&#8221;0&#8243; sticky_enabled=&#8221;0&#8243;]<\/p>\n<p><span>Az els\u0151 ilyen jelleg\u0171 felk\u00e9r\u00e9sem Kisk\u00f6r\u00e9n, a Tisza-t\u00f3 partj\u00e1n, a Szabadviz\u0171 Strandon volt, ahol egy eg\u00e9sz ny\u00e1r programsorozat\u00e1t kellett koordin\u00e1lnom \u00e9s konfer\u00e1lnom. Persze a humort, amely eg\u00e9sz eddigi \u00e9letemet v\u00e9gigk\u00eds\u00e9rte ebbe is belecsemp\u00e9sztem.<\/span><\/p>\n<p><span>Majd egyre t\u00f6bb rendezv\u00e9nyen kaptam szerepet, mint m\u0171sorvezet\u0151, moder\u00e1tor, h\u00e1zigazda, komment\u00e1tor vagy speaker. B\u00e1rhogy is h\u00edvt\u00e1k, mindenhol ugyanazt tettem: humoros form\u00e1ba \u00f6nt\u00f6ttem a mondanival\u00f3mat, kit\u00f6lt\u00f6ttem a m\u0171sorsz\u00e1mok k\u00f6z\u00f6tti \u00fcres perceket, m\u00e9gpedig a vend\u00e9gek, a megrendel\u0151k \u00e9s az el\u0151ad\u00f3m\u0171v\u00e9szek legnagyobb \u00f6r\u00f6m\u00e9re \u00e9s megel\u00e9ged\u00e9s\u00e9re.<\/span><\/p>\n<p><span><\/span><\/p>\n<p><span>\u00cdgy a rendezv\u00e9nyszervez\u0151k, akikkel m\u00e1r dolgoztam egy\u00fctt, b\u00e1tran aj\u00e1nlott\u00e1k tov\u00e1bb a szolg\u00e1lataimat m\u00e1soknak is. Ez\u00e1ltal egyre t\u00f6bb rendezv\u00e9nyen vettem r\u00e9szt. El\u0151fordult, hogy egy daru kosar\u00e1b\u00f3l, a magasb\u00f3l k\u00f6sz\u00f6nt\u00f6ttem a nagy\u00e9rdem\u0171t, ha kellett, akkor megafonnal komment\u00e1ltam az esem\u00e9nyeket, volt, hogy sv\u00e1jcisapk\u00e1t \u00f6ltve sz\u00f3rakoztattam \u00e9s koordin\u00e1ltam egy b\u00f6ll\u00e9rfesztiv\u00e1lon, ha a helyzet \u00fagy k\u00edv\u00e1nta, akkor bety\u00e1rnak \u00f6lt\u00f6zve, \u00edzes t\u00e1jsz\u00f3l\u00e1ssal, a fesztiv\u00e1l arcak\u00e9nt sz\u00f3rakoztattam a nagy\u00e9rdem\u0171t ak\u00e1r t\u00f6bb napon \u00e1t, de vicces zs\u0171rik\u00e9nt is tev\u00e9kenykedtem m\u00e1r F\u0151z\u0151-, \u00e9s Tehets\u00e9gkutat\u00f3 versenyeken.<\/p>\n<p>A konfer\u00e1l\u00e1s mell\u00e9 gr\u00e1tiszba j\u00e1r egy humorm\u0171sor is.<\/span><\/p>\n<p>[\/et_pb_text][\/et_pb_column][et_pb_column _builder_version=&#8221;4.21.0&#8243; _module_preset=&#8221;default&#8221; type=&#8221;1_2&#8243; theme_builder_area=&#8221;post_content&#8221;][et_pb_image src=&#8221;https:\/\/szikralaszlo.hu\/wp-content\/uploads\/2023\/07\/musorvezetes_1.jpg&#8221; _builder_version=&#8221;4.21.0&#8243; _module_preset=&#8221;default&#8221; theme_builder_area=&#8221;post_content&#8221; title_text=&#8221;musorvezetes_1&#8243; hover_enabled=&#8221;0&#8243; sticky_enabled=&#8221;0&#8243;][\/et_pb_image][\/et_pb_column][\/et_pb_row][et_pb_row _builder_version=&#8221;4.21.0&#8243; _module_preset=&#8221;default&#8221; theme_builder_area=&#8221;post_content&#8221;][et_pb_column _builder_version=&#8221;4.21.0&#8243; _module_preset=&#8221;default&#8221; type=&#8221;4_4&#8243; theme_builder_area=&#8221;post_content&#8221;][et_pb_button button_url=&#8221;@ET-DC@eyJkeW5hbWljIjp0cnVlLCJjb250ZW50IjoicG9zdF9saW5rX3VybF9wYWdlIiwic2V0dGluZ3MiOnsicG9zdF9pZCI6Ijc1In19@&#8221; button_text=&#8221;Aj\u00e1nlatot k\u00e9rek&#8221; _builder_version=&#8221;4.21.0&#8243; _dynamic_attributes=&#8221;button_url&#8221; _module_preset=&#8221;default&#8221; hover_enabled=&#8221;0&#8243; global_colors_info=&#8221;{}&#8221; theme_builder_area=&#8221;post_content&#8221; button_alignment=&#8221;center&#8221; sticky_enabled=&#8221;0&#8243;][\/et_pb_button][\/et_pb_column][\/et_pb_row][et_pb_row _builder_version=&#8221;4.21.0&#8243; _module_preset=&#8221;default&#8221; theme_builder_area=&#8221;post_content&#8221; use_custom_gutter=&#8221;on&#8221; gutter_width=&#8221;2&#8243; module_alignment=&#8221;center&#8221; make_equal=&#8221;on&#8221; hover_enabled=&#8221;0&#8243; sticky_enabled=&#8221;0&#8243;][et_pb_column _builder_version=&#8221;4.21.0&#8243; _module_preset=&#8221;default&#8221; type=&#8221;4_4&#8243; theme_builder_area=&#8221;post_content&#8221;][et_pb_gallery _builder_version=&#8221;4.21.0&#8243; _module_preset=&#8221;default&#8221; theme_builder_area=&#8221;post_content&#8221; gallery_ids=&#8221;121,122,123,124,125,126,127,128,129,130,131,132,133,134,135,136&#8243; show_title_and_caption=&#8221;off&#8221; show_pagination=&#8221;off&#8221; posts_number=&#8221;1000&#8243; hover_enabled=&#8221;0&#8243; sticky_enabled=&#8221;0&#8243;][\/et_pb_gallery][\/et_pb_column][\/et_pb_row][\/et_pb_section]<\/p>\n","protected":false},"excerpt":{"rendered":"<p>Tal\u00e1n \u00f6nben is felmer\u00fclt m\u00e1r a k\u00e9rd\u00e9s: \u201eHogyan lehetne \u00f6sszefogni, \u00f6sszek\u00f6tni, g\u00f6rd\u00fcl\u00e9kenyebb\u00e9 tenni egy rendezv\u00e9ny programjait?&#8221;, legyen sz\u00f3 b\u00e1lr\u00f3l, c\u00e9ges, csal\u00e1di rendezv\u00e9nyr\u0151l, vagy ak\u00e1r egy adott telep\u00fcl\u00e9s szabadt\u00e9ri- esetleg z\u00e1rt esem\u00e9ny\u00e9r\u0151l, illetve sportrendezv\u00e9nyr\u0151l.Az els\u0151 ilyen jelleg\u0171 felk\u00e9r\u00e9sem Kisk\u00f6r\u00e9n, a Tisza-t\u00f3 partj\u00e1n, a Szabadviz\u0171 Strandon volt, ahol egy eg\u00e9sz ny\u00e1r programsorozat\u00e1t kellett koordin\u00e1lnom \u00e9s konfer\u00e1lnom. Persze [&hellip;]<\/p>\n","protected":false},"author":1,"featured_media":0,"parent":0,"menu_order":0,"comment_status":"closed","ping_status":"closed","template":"","meta":{"_et_pb_use_builder":"on","_et_pb_old_content":"<!-- wp:divi\/placeholder \/-->","_et_gb_content_width":"","footnotes":""},"class_list":["post-71","page","type-page","status-publish","hentry"],"_links":{"self":[{"href":"https:\/\/szikralaszlo.hu\/index.php\/wp-json\/wp\/v2\/pages\/71","targetHints":{"allow":["GET"]}}],"collection":[{"href":"https:\/\/szikralaszlo.hu\/index.php\/wp-json\/wp\/v2\/pages"}],"about":[{"href":"https:\/\/szikralaszlo.hu\/index.php\/wp-json\/wp\/v2\/types\/page"}],"author":[{"embeddable":true,"href":"https:\/\/szikralaszlo.hu\/index.php\/wp-json\/wp\/v2\/users\/1"}],"replies":[{"embeddable":true,"href":"https:\/\/szikralaszlo.hu\/index.php\/wp-json\/wp\/v2\/comments?post=71"}],"version-history":[{"count":3,"href":"https:\/\/szikralaszlo.hu\/index.php\/wp-json\/wp\/v2\/pages\/71\/revisions"}],"predecessor-version":[{"id":137,"href":"https:\/\/szikralaszlo.hu\/index.php\/wp-json\/wp\/v2\/pages\/71\/revisions\/137"}],"wp:attachment":[{"href":"https:\/\/szikralaszlo.hu\/index.php\/wp-json\/wp\/v2\/media?parent=71"}],"curies":[{"name":"wp","href":"https:\/\/api.w.org\/{rel}","templated":true}]}}