{"id":69,"date":"2023-07-29T09:56:21","date_gmt":"2023-07-29T09:56:21","guid":{"rendered":"https:\/\/szikralaszlo.valsador.hu\/?page_id=69"},"modified":"2023-07-29T11:15:39","modified_gmt":"2023-07-29T11:15:39","slug":"ceremoniamester-naszok-asza","status":"publish","type":"page","link":"https:\/\/szikralaszlo.hu\/index.php\/ceremoniamester-naszok-asza\/","title":{"rendered":"Cerem\u00f3niamester, &#8220;N\u00e1szok \u00c1sza&#8221;"},"content":{"rendered":"<p>[et_pb_section fb_built=&#8221;1&#8243; fullwidth=&#8221;on&#8221; _builder_version=&#8221;4.21.0&#8243; _module_preset=&#8221;default&#8221; background_image=&#8221;https:\/\/szikralaszlo.hu\/wp-content\/uploads\/2023\/07\/musorvezetes.jpg&#8221; parallax=&#8221;on&#8221; module_alignment=&#8221;center&#8221; custom_padding=&#8221;20vh||20vh||true|false&#8221; global_colors_info=&#8221;{}&#8221; theme_builder_area=&#8221;post_content&#8221;][et_pb_fullwidth_post_title meta=&#8221;off&#8221; featured_image=&#8221;off&#8221; _builder_version=&#8221;4.21.0&#8243; _module_preset=&#8221;default&#8221; title_font=&#8221;|800|||||||&#8221; title_text_align=&#8221;left&#8221; title_text_color=&#8221;#FFFFFF&#8221; title_font_size=&#8221;43px&#8221; custom_padding=&#8221;0px|||||&#8221; global_colors_info=&#8221;{}&#8221; theme_builder_area=&#8221;post_content&#8221;][\/et_pb_fullwidth_post_title][\/et_pb_section][et_pb_section fb_built=&#8221;1&#8243; _builder_version=&#8221;4.21.0&#8243; _module_preset=&#8221;default&#8221; background_image=&#8221;https:\/\/szikralaszlo.hu\/wp-content\/uploads\/2023\/07\/ceremoniabg.jpg&#8221; hover_enabled=&#8221;0&#8243; global_colors_info=&#8221;{}&#8221; theme_builder_area=&#8221;post_content&#8221; title_text=&#8221;ceremoniabg&#8221; background_size=&#8221;initial&#8221; background_repeat=&#8221;repeat&#8221; sticky_enabled=&#8221;0&#8243;][et_pb_row _builder_version=&#8221;4.21.0&#8243; _module_preset=&#8221;default&#8221; global_colors_info=&#8221;{}&#8221; theme_builder_area=&#8221;post_content&#8221;][et_pb_column type=&#8221;4_4&#8243; _builder_version=&#8221;4.21.0&#8243; _module_preset=&#8221;default&#8221; global_colors_info=&#8221;{}&#8221; theme_builder_area=&#8221;post_content&#8221;][et_pb_text _builder_version=&#8221;4.21.0&#8243; _module_preset=&#8221;default&#8221; global_colors_info=&#8221;{}&#8221; theme_builder_area=&#8221;post_content&#8221;]<\/p>\n<p><span>A h\u00e1zass\u00e1g nagy dolog, egyszeri \u00e9s megism\u00e9telhetetlen. Na j\u00f3, vannak akik t\u00f6bbsz\u00f6r is m\u0171velik, de az legyen az \u0151 bajuk, mert itt most r\u00f3latok van sz\u00f3.\u00a0<\/span><b>Nincs m\u00e9g egy hozz\u00e1tok hasonl\u00f3 p\u00e1r a vil\u00e1gon, \u00e9s ez\u00e9rt egyedi, felejthetetlen, k\u00fcl\u00f6nleges esem\u00e9nyt \u00e9rdemeltek.<span>\u00a0<\/span><\/b><span>Ebben tudok \u00e9n seg\u00edteni nektek!<\/span><\/p>\n<p>[\/et_pb_text][\/et_pb_column][\/et_pb_row][et_pb_row column_structure=&#8221;1_2,1_2&#8243; _builder_version=&#8221;4.21.0&#8243; _module_preset=&#8221;default&#8221; custom_padding=&#8221;||0px|||&#8221; hover_enabled=&#8221;0&#8243; global_colors_info=&#8221;{}&#8221; theme_builder_area=&#8221;post_content&#8221; use_custom_gutter=&#8221;on&#8221; make_equal=&#8221;on&#8221; sticky_enabled=&#8221;0&#8243;][et_pb_column type=&#8221;1_2&#8243; _builder_version=&#8221;4.21.0&#8243; _module_preset=&#8221;default&#8221; hover_enabled=&#8221;0&#8243; global_colors_info=&#8221;{}&#8221; theme_builder_area=&#8221;post_content&#8221; custom_css_main_element=&#8221;margin:auto;&#8221; sticky_enabled=&#8221;0&#8243;][et_pb_text _builder_version=&#8221;4.21.0&#8243; _module_preset=&#8221;default&#8221; hover_enabled=&#8221;0&#8243; global_colors_info=&#8221;{}&#8221; theme_builder_area=&#8221;post_content&#8221; header_font=&#8221;|800|||||||&#8221; header_font_size=&#8221;47px&#8221; header_4_font=&#8221;|800|||||||&#8221; header_4_font_size=&#8221;23px&#8221; sticky_enabled=&#8221;0&#8243;]<\/p>\n<h4>Hogy mi\u00e9rt is egyedi \u00e9s k\u00fcl\u00f6nleges?<\/h4>\n<p><span>A v\u0151f\u00e9ly \u00e1ltal\u00e1ban versel, a cerem\u00f3niamester konfer\u00e1l, viszont \u00e9n az orsz\u00e1g egyetlen Humorista Cerem\u00f3niamestere vagyok, akit\u0151l nem a szok\u00e1sos \u00e9s k\u00edv\u00fclr\u0151l ismert verseket, sz\u00f6vegeket, j\u00e1t\u00e9kokat kapj\u00e1tok, hanem minden pillanatotokba belecsemp\u00e9szem a humort, a m\u00f3k\u00e1t \u00e9s a kacag\u00e1st, a szem\u00e9lyre sz\u00f3l\u00f3 poh\u00e1rk\u00f6sz\u00f6nt\u0151t\u0151l, a men\u00fc bemutat\u00e1s\u00e1n \u00e1t eg\u00e9szen az egyedi, ismeretlen, sz\u00f3rakoztat\u00f3, de nem kellemetlen j\u00e1t\u00e9kokig. K\u00f6zben m\u00e9g gr\u00e1tisz, lagzis stand up comedy-vel is kedveskedek nektek \u00e9s a n\u00e1szn\u00e9pnek.\u00a0<\/span><b>Egyszerre lehettek r\u00e9szesei egy lakodalomnak, show &#8211; \u00e9s humorm\u0171sornak.<\/b><\/p>\n<p>[\/et_pb_text][\/et_pb_column][et_pb_column type=&#8221;1_2&#8243; _builder_version=&#8221;4.21.0&#8243; _module_preset=&#8221;default&#8221; global_colors_info=&#8221;{}&#8221; theme_builder_area=&#8221;post_content&#8221;][et_pb_image src=&#8221;https:\/\/szikralaszlo.hu\/wp-content\/uploads\/2023\/07\/musorvezetes_1.jpg&#8221; title_text=&#8221;musorvezetes_1&#8243; _builder_version=&#8221;4.21.0&#8243; _module_preset=&#8221;default&#8221; global_colors_info=&#8221;{}&#8221; theme_builder_area=&#8221;post_content&#8221;][\/et_pb_image][\/et_pb_column][\/et_pb_row][et_pb_row _builder_version=&#8221;4.21.0&#8243; _module_preset=&#8221;default&#8221; theme_builder_area=&#8221;post_content&#8221; custom_padding=&#8221;||0px|||&#8221;][et_pb_column _builder_version=&#8221;4.21.0&#8243; _module_preset=&#8221;default&#8221; type=&#8221;4_4&#8243; theme_builder_area=&#8221;post_content&#8221;][et_pb_image src=&#8221;https:\/\/szikralaszlo.hu\/wp-content\/uploads\/2023\/07\/elvalaszto.png&#8221; _builder_version=&#8221;4.21.0&#8243; _module_preset=&#8221;default&#8221; theme_builder_area=&#8221;post_content&#8221; title_text=&#8221;elvalaszto&#8221; sticky_enabled=&#8221;0&#8243; align=&#8221;center&#8221;][\/et_pb_image][\/et_pb_column][\/et_pb_row][et_pb_row column_structure=&#8221;1_2,1_2&#8243; _builder_version=&#8221;4.21.0&#8243; _module_preset=&#8221;default&#8221; custom_padding=&#8221;||0px|||&#8221; hover_enabled=&#8221;0&#8243; global_colors_info=&#8221;{}&#8221; theme_builder_area=&#8221;post_content&#8221; use_custom_gutter=&#8221;on&#8221; make_equal=&#8221;on&#8221; sticky_enabled=&#8221;0&#8243;][et_pb_column type=&#8221;1_2&#8243; _builder_version=&#8221;4.21.0&#8243; _module_preset=&#8221;default&#8221; global_colors_info=&#8221;{}&#8221; theme_builder_area=&#8221;post_content&#8221;][et_pb_image src=&#8221;https:\/\/szikralaszlo.hu\/wp-content\/uploads\/2023\/07\/musorvezetes_1.jpg&#8221; title_text=&#8221;musorvezetes_1&#8243; _builder_version=&#8221;4.21.0&#8243; _module_preset=&#8221;default&#8221; global_colors_info=&#8221;{}&#8221; theme_builder_area=&#8221;post_content&#8221;][\/et_pb_image][\/et_pb_column][et_pb_column type=&#8221;1_2&#8243; _builder_version=&#8221;4.21.0&#8243; _module_preset=&#8221;default&#8221; hover_enabled=&#8221;0&#8243; global_colors_info=&#8221;{}&#8221; theme_builder_area=&#8221;post_content&#8221; custom_css_main_element=&#8221;margin:auto;&#8221; sticky_enabled=&#8221;0&#8243;][et_pb_text _builder_version=&#8221;4.21.0&#8243; _module_preset=&#8221;default&#8221; global_colors_info=&#8221;{}&#8221; theme_builder_area=&#8221;post_content&#8221; header_font=&#8221;|800|||||||&#8221; header_font_size=&#8221;47px&#8221; header_4_font=&#8221;|800|||||||&#8221; header_4_font_size=&#8221;23px&#8221;]<\/p>\n<h4>Amiben biztosak lehettek&#8230;<\/h4>\n<div>\u00d6sszess\u00e9g\u00e9ben azt b\u00e1tran meg\u00edg\u00e9rhetem, hogy egyedi, nem mindennapi \u00e9s felejthetetlen lakodalmat var\u00e1zsolok nektek! Egy olyan esem\u00e9nyt, amely m\u00e9lt\u00f3 \u00e9letetek egyik legcsod\u00e1sabb napj\u00e1hoz. A munk\u00e1mban ugyanis azt tartom a legfontosabbnak, hogy ne \u00fagy emlegess\u00e9k a nagy napotokat, hogy: &#8220;Egy esk\u00fcv\u0151&#8221;, hanem \u00fagy, hogy:<span>\u00a0<\/span><b>&#8220;Az Esk\u00fcv\u0151&#8221;.<\/b><\/p>\n<p>A visszajelz\u00e9sek alapj\u00e1n ez H\u00e1la Istennek siker\u00fclni is szokott, ugyanis egy eg\u00e9szen \u00fajszer\u0171 \u00e9lm\u00e9nnyel gazdagodik mind az ifj\u00fa p\u00e1r, mind pedig a n\u00e1szn\u00e9p.<\/p><\/div>\n<p>[\/et_pb_text][\/et_pb_column][\/et_pb_row][et_pb_row _builder_version=&#8221;4.21.0&#8243; _module_preset=&#8221;default&#8221; theme_builder_area=&#8221;post_content&#8221; custom_padding=&#8221;||0px|||&#8221;][et_pb_column _builder_version=&#8221;4.21.0&#8243; _module_preset=&#8221;default&#8221; type=&#8221;4_4&#8243; theme_builder_area=&#8221;post_content&#8221;][et_pb_image src=&#8221;https:\/\/szikralaszlo.hu\/wp-content\/uploads\/2023\/07\/elvalaszto.png&#8221; _builder_version=&#8221;4.21.0&#8243; _module_preset=&#8221;default&#8221; theme_builder_area=&#8221;post_content&#8221; title_text=&#8221;elvalaszto&#8221; sticky_enabled=&#8221;0&#8243; align=&#8221;center&#8221;][\/et_pb_image][\/et_pb_column][\/et_pb_row][et_pb_row column_structure=&#8221;1_2,1_2&#8243; _builder_version=&#8221;4.21.0&#8243; _module_preset=&#8221;default&#8221; custom_padding=&#8221;||0px|||&#8221; hover_enabled=&#8221;0&#8243; global_colors_info=&#8221;{}&#8221; theme_builder_area=&#8221;post_content&#8221; use_custom_gutter=&#8221;on&#8221; make_equal=&#8221;on&#8221; sticky_enabled=&#8221;0&#8243;][et_pb_column type=&#8221;1_2&#8243; _builder_version=&#8221;4.21.0&#8243; _module_preset=&#8221;default&#8221; hover_enabled=&#8221;0&#8243; global_colors_info=&#8221;{}&#8221; theme_builder_area=&#8221;post_content&#8221; custom_css_main_element=&#8221;margin:auto;&#8221; sticky_enabled=&#8221;0&#8243;][et_pb_text _builder_version=&#8221;4.21.0&#8243; _module_preset=&#8221;default&#8221; global_colors_info=&#8221;{}&#8221; theme_builder_area=&#8221;post_content&#8221; header_font=&#8221;|800|||||||&#8221; header_font_size=&#8221;47px&#8221; header_4_font=&#8221;|800|||||||&#8221; header_4_font_size=&#8221;23px&#8221;]<\/p>\n<h4>\u00c9n minden terhet leveszek a v\u00e1llatokr\u00f3l.<\/h4>\n<p><span>\u00d6sszefogom, koordin\u00e1lom az esem\u00e9nyeket \u00e9s az embereket, a szak\u00e1csokt\u00f3l, a n\u00e1szn\u00e9pen kereszt\u00fcl eg\u00e9szen a zenekarig. Kiv\u00e9ve a n\u00e1sz\u00e9jszak\u00e1t, mert ott m\u00e1r nektek kell dolgozni.<\/span><\/p>\n<p><span>Ha szeretn\u00e9tek, akkor term\u00e9szetesen tudok seg\u00edteni az el\u0151k\u00e9sz\u00fcletekben is, hogy meg tudj\u00e1tok tal\u00e1lni a sz\u00e1motokra legmegfelel\u0151bb \u00e9s legkedvez\u0151bb helysz\u00ednt, fot\u00f3st, vide\u00f3st, sminkest, dekorat\u0151rt, zenekart, vagy Dj-t.<\/span><\/p>\n<p>[\/et_pb_text][\/et_pb_column][et_pb_column type=&#8221;1_2&#8243; _builder_version=&#8221;4.21.0&#8243; _module_preset=&#8221;default&#8221; global_colors_info=&#8221;{}&#8221; theme_builder_area=&#8221;post_content&#8221;][et_pb_image src=&#8221;https:\/\/szikralaszlo.hu\/wp-content\/uploads\/2023\/07\/musorvezetes_1.jpg&#8221; title_text=&#8221;musorvezetes_1&#8243; _builder_version=&#8221;4.21.0&#8243; _module_preset=&#8221;default&#8221; global_colors_info=&#8221;{}&#8221; theme_builder_area=&#8221;post_content&#8221;][\/et_pb_image][\/et_pb_column][\/et_pb_row][et_pb_row _builder_version=&#8221;4.21.0&#8243; _module_preset=&#8221;default&#8221; theme_builder_area=&#8221;post_content&#8221; custom_padding=&#8221;||0px|||&#8221;][et_pb_column _builder_version=&#8221;4.21.0&#8243; _module_preset=&#8221;default&#8221; type=&#8221;4_4&#8243; theme_builder_area=&#8221;post_content&#8221;][et_pb_image src=&#8221;https:\/\/szikralaszlo.hu\/wp-content\/uploads\/2023\/07\/elvalaszto.png&#8221; _builder_version=&#8221;4.21.0&#8243; _module_preset=&#8221;default&#8221; theme_builder_area=&#8221;post_content&#8221; title_text=&#8221;elvalaszto&#8221; hover_enabled=&#8221;0&#8243; sticky_enabled=&#8221;0&#8243; align=&#8221;center&#8221;][\/et_pb_image][\/et_pb_column][\/et_pb_row][et_pb_row _builder_version=&#8221;4.21.0&#8243; _module_preset=&#8221;default&#8221; theme_builder_area=&#8221;post_content&#8221;][et_pb_column _builder_version=&#8221;4.21.0&#8243; _module_preset=&#8221;default&#8221; type=&#8221;4_4&#8243; theme_builder_area=&#8221;post_content&#8221;][et_pb_text _builder_version=&#8221;4.21.0&#8243; _module_preset=&#8221;default&#8221; theme_builder_area=&#8221;post_content&#8221; sticky_enabled=&#8221;0&#8243; header_font=&#8221;|800|||||||&#8221; header_font_size=&#8221;47px&#8221; header_4_font=&#8221;|800|||||||&#8221; header_4_font_size=&#8221;23px&#8221; text_orientation=&#8221;center&#8221; hover_enabled=&#8221;0&#8243;]<\/p>\n<p><b>Amennyiben t\u00e9nyleg olyan felejthetetlen \u00e9lm\u00e9nyt akartok, amelyre m\u00e9g hossz\u00fa \u00e9vek m\u00falt\u00e1n is \u00f6r\u00f6mmel gondoltok vissza, \u00e9s amire a n\u00e1szn\u00e9p is azt mondja, hogy ilyen szuper, egyedi lagziban m\u00e9g nem volt r\u00e9sze, akkor megtal\u00e1lt\u00e1tok, akit kerestetek! B\u00edzz\u00e1tok egy olyan emberre \u00e9letetek egyik legfontosabb, \u00e9s legboldogabb napj\u00e1t, akit rendszeresen l\u00e1thattok a telev\u00edzi\u00f3ban, \u00e9s hallhattok a r\u00e1di\u00f3ban! Akinek a hangja \u00e9s az arca ismert lehet a n\u00e1szn\u00e9p sz\u00e1m\u00e1ra, \u00e9s akinek t\u00e9nyleg szenved\u00e9lye a sz\u00f3rakoztat\u00e1s.<\/b><\/p>\n<p><b><\/b><\/p>\n<h4>A t\u00f6bbi m\u00e1r csak rajtatok m\u00falik!<\/h4>\n<p>[\/et_pb_text][\/et_pb_column][\/et_pb_row][et_pb_row _builder_version=&#8221;4.21.0&#8243; _module_preset=&#8221;default&#8221; global_colors_info=&#8221;{}&#8221; theme_builder_area=&#8221;post_content&#8221;][et_pb_column type=&#8221;4_4&#8243; _builder_version=&#8221;4.21.0&#8243; _module_preset=&#8221;default&#8221; global_colors_info=&#8221;{}&#8221; theme_builder_area=&#8221;post_content&#8221;][et_pb_button button_url=&#8221;@ET-DC@eyJkeW5hbWljIjp0cnVlLCJjb250ZW50IjoicG9zdF9saW5rX3VybF9wYWdlIiwic2V0dGluZ3MiOnsicG9zdF9pZCI6Ijc1In19@&#8221; button_text=&#8221;Aj\u00e1nlatot k\u00e9rek&#8221; button_alignment=&#8221;center&#8221; _builder_version=&#8221;4.21.0&#8243; _dynamic_attributes=&#8221;button_url&#8221; _module_preset=&#8221;default&#8221; global_colors_info=&#8221;{}&#8221; theme_builder_area=&#8221;post_content&#8221;][\/et_pb_button][\/et_pb_column][\/et_pb_row][et_pb_row use_custom_gutter=&#8221;on&#8221; gutter_width=&#8221;2&#8243; make_equal=&#8221;on&#8221; _builder_version=&#8221;4.21.0&#8243; _module_preset=&#8221;default&#8221; module_alignment=&#8221;center&#8221; global_colors_info=&#8221;{}&#8221; theme_builder_area=&#8221;post_content&#8221;][et_pb_column type=&#8221;4_4&#8243; _builder_version=&#8221;4.21.0&#8243; _module_preset=&#8221;default&#8221; global_colors_info=&#8221;{}&#8221; theme_builder_area=&#8221;post_content&#8221;][et_pb_gallery posts_number=&#8221;1000&#8243; show_title_and_caption=&#8221;off&#8221; show_pagination=&#8221;off&#8221; _builder_version=&#8221;4.21.0&#8243; _module_preset=&#8221;default&#8221; hover_enabled=&#8221;0&#8243; global_colors_info=&#8221;{}&#8221; theme_builder_area=&#8221;post_content&#8221; gallery_ids=&#8221;144,145,146,147,148,149,150,151,152,153,154,155,156,157,158,159,160,161,162,163,164,165,166,167,168,169,170,171,172,173,174,175,176,177,178&#8243; sticky_enabled=&#8221;0&#8243;][\/et_pb_gallery][\/et_pb_column][\/et_pb_row][\/et_pb_section]<\/p>\n","protected":false},"excerpt":{"rendered":"<p>A h\u00e1zass\u00e1g nagy dolog, egyszeri \u00e9s megism\u00e9telhetetlen. Na j\u00f3, vannak akik t\u00f6bbsz\u00f6r is m\u0171velik, de az legyen az \u0151 bajuk, mert itt most r\u00f3latok van sz\u00f3.\u00a0Nincs m\u00e9g egy hozz\u00e1tok hasonl\u00f3 p\u00e1r a vil\u00e1gon, \u00e9s ez\u00e9rt egyedi, felejthetetlen, k\u00fcl\u00f6nleges esem\u00e9nyt \u00e9rdemeltek.\u00a0Ebben tudok \u00e9n seg\u00edteni nektek!Hogy mi\u00e9rt is egyedi \u00e9s k\u00fcl\u00f6nleges? A v\u0151f\u00e9ly \u00e1ltal\u00e1ban versel, a cerem\u00f3niamester [&hellip;]<\/p>\n","protected":false},"author":1,"featured_media":0,"parent":0,"menu_order":0,"comment_status":"closed","ping_status":"closed","template":"","meta":{"_et_pb_use_builder":"on","_et_pb_old_content":"<!-- wp:divi\/placeholder \/-->","_et_gb_content_width":"","footnotes":""},"class_list":["post-69","page","type-page","status-publish","hentry"],"_links":{"self":[{"href":"https:\/\/szikralaszlo.hu\/index.php\/wp-json\/wp\/v2\/pages\/69","targetHints":{"allow":["GET"]}}],"collection":[{"href":"https:\/\/szikralaszlo.hu\/index.php\/wp-json\/wp\/v2\/pages"}],"about":[{"href":"https:\/\/szikralaszlo.hu\/index.php\/wp-json\/wp\/v2\/types\/page"}],"author":[{"embeddable":true,"href":"https:\/\/szikralaszlo.hu\/index.php\/wp-json\/wp\/v2\/users\/1"}],"replies":[{"embeddable":true,"href":"https:\/\/szikralaszlo.hu\/index.php\/wp-json\/wp\/v2\/comments?post=69"}],"version-history":[{"count":3,"href":"https:\/\/szikralaszlo.hu\/index.php\/wp-json\/wp\/v2\/pages\/69\/revisions"}],"predecessor-version":[{"id":183,"href":"https:\/\/szikralaszlo.hu\/index.php\/wp-json\/wp\/v2\/pages\/69\/revisions\/183"}],"wp:attachment":[{"href":"https:\/\/szikralaszlo.hu\/index.php\/wp-json\/wp\/v2\/media?parent=69"}],"curies":[{"name":"wp","href":"https:\/\/api.w.org\/{rel}","templated":true}]}}