{"id":65,"date":"2023-07-29T09:55:41","date_gmt":"2023-07-29T09:55:41","guid":{"rendered":"https:\/\/szikralaszlo.valsador.hu\/?page_id=65"},"modified":"2023-07-29T10:46:35","modified_gmt":"2023-07-29T10:46:35","slug":"stand-up-comedy","status":"publish","type":"page","link":"https:\/\/szikralaszlo.hu\/index.php\/stand-up-comedy\/","title":{"rendered":"Stand Up Comedy"},"content":{"rendered":"<p>[et_pb_section fb_built=&#8221;1&#8243; fullwidth=&#8221;on&#8221; _builder_version=&#8221;4.21.0&#8243; _module_preset=&#8221;default&#8221; background_image=&#8221;https:\/\/szikralaszlo.hu\/wp-content\/uploads\/2023\/07\/standup.jpg&#8221; parallax=&#8221;on&#8221; module_alignment=&#8221;center&#8221; custom_padding=&#8221;20vh||20vh||true|false&#8221; hover_enabled=&#8221;0&#8243; global_colors_info=&#8221;{}&#8221; title_text=&#8221;standup&#8221; sticky_enabled=&#8221;0&#8243;][et_pb_fullwidth_post_title meta=&#8221;off&#8221; featured_image=&#8221;off&#8221; _builder_version=&#8221;4.21.0&#8243; _module_preset=&#8221;default&#8221; title_font=&#8221;|800|||||||&#8221; title_text_align=&#8221;left&#8221; title_text_color=&#8221;#FFFFFF&#8221; title_font_size=&#8221;43px&#8221; custom_padding=&#8221;0px|||||&#8221; global_colors_info=&#8221;{}&#8221;][\/et_pb_fullwidth_post_title][\/et_pb_section][et_pb_section fb_built=&#8221;1&#8243; _builder_version=&#8221;4.21.0&#8243; _module_preset=&#8221;default&#8221; hover_enabled=&#8221;0&#8243; global_colors_info=&#8221;{}&#8221; title_text=&#8221;bg&#8221; background_image=&#8221;https:\/\/szikralaszlo.hu\/wp-content\/uploads\/2023\/07\/bg.jpg&#8221; sticky_enabled=&#8221;0&#8243;][et_pb_row _builder_version=&#8221;4.21.0&#8243; _module_preset=&#8221;default&#8221; global_colors_info=&#8221;{}&#8221;][et_pb_column type=&#8221;4_4&#8243; _builder_version=&#8221;4.21.0&#8243; _module_preset=&#8221;default&#8221; global_colors_info=&#8221;{}&#8221;][et_pb_text _builder_version=&#8221;4.21.0&#8243; _module_preset=&#8221;default&#8221; global_colors_info=&#8221;{}&#8221;]<\/p>\n<p><span>Falusi gyerekk\u00e9nt el\u0151szeretettel besz\u00e9lek a vid\u00e9ki \u00e9let sz\u00e9ps\u00e9geir\u0151l \u00e9s viszontags\u00e1gair\u00f3l. Ebb\u0151l kifoly\u00f3lag rendszeresen h\u00edvnak falunapokra, fesztiv\u00e1lokra, \u00e9s egy\u00e9b vid\u00e9ki, v\u00e1rosi rendezv\u00e9nyekre. Viszont nem \u00e1ll t\u00e1vol t\u0151lem a bulv\u00e1r, a celeb, de m\u00e9g a rajzfilmek vil\u00e1ga sem. A stand up mellett gyakran parodiz\u00e1lok, de az is el\u0151fordult m\u00e1r, hogy dalba \u00f6nt\u00f6ttem a po\u00e9njaimat. M\u0171soraim a f\u00e9l \u00f3r\u00e1s vill\u00e1mhumort\u00f3l, a m\u00e1sf\u00e9l, k\u00e9t \u00f3r\u00e1s \u00f6n\u00e1ll\u00f3 estekig, b\u00e1rmilyen id\u0151intervallumban megrendelhet\u0151ek. El\u0151zetes egyeztet\u00e9s, \u00e9s k\u00e9r\u00e9s eset\u00e9n a m\u0171sort alkalomhoz ill\u0151v\u00e9, szem\u00e9lyre szabott\u00e1 alak\u00edtom (Pl: Az \u00fcnnep szem\u00e9lyesebb\u00e9 t\u00e9tele, az \u00fcnnepelt bevon\u00e1sa a m\u0171sorba, vicces poh\u00e1rk\u00f6sz\u00f6nt\u0151, stb.).<\/span><\/p>\n<p><span>\u00dagyhogy rekl\u00e1msz\u00f6veggel \u00e9lve: Kicsiknek, nagyoknak, id\u0151seknek vagy fiataloknak, f\u00e9rfiaknak, n\u0151knek vagy egyszerre mindkett\u0151nek, vid\u00e9ki \u00e9s v\u00e1rosi rendezv\u00e9nyre, b\u00e1lokra, bulikra, c\u00e9ges vagy bar\u00e1ti \u00f6sszej\u00f6vetelekre, sz\u00fclet\u00e9s \u00e9s n\u00e9vnapokra, f\u0151z\u0151versenyekre, tehets\u00e9gkutat\u00f3kra, vagy csak \u00fagy, m\u0171vel\u0151d\u00e9si h\u00e1zakba, \u00e9ttermekbe, klubokba, vagy hotelekbe, t\u00e9len \u00e9s ny\u00e1ron, tavasszal vagy \u0151sszel, reggel, d\u00e9lben, este, esetleg \u00e9jszaka, rockereknek, rappereknek, Fekete P\u00e1k\u00f3 rajong\u00f3knak, mindig, mindenkor, mindenkinek: Coca Cola\u2026\u00dch\u00fcm, vagyis Szikra Lack\u00f3. \ud83d\ude42<\/span><\/p>\n<p><b>Technikai ig\u00e9ny:<\/b><span>\u00a01 db mikrofon, hangos\u00edt\u00e1s<\/span><\/p>\n<p>[\/et_pb_text][et_pb_button button_text=&#8221;Aj\u00e1nlatot k\u00e9rek&#8221; _builder_version=&#8221;4.21.0&#8243; _module_preset=&#8221;default&#8221; button_url=&#8221;@ET-DC@eyJkeW5hbWljIjp0cnVlLCJjb250ZW50IjoicG9zdF9saW5rX3VybF9wYWdlIiwic2V0dGluZ3MiOnsicG9zdF9pZCI6Ijc1In19@&#8221; _dynamic_attributes=&#8221;button_url&#8221; hover_enabled=&#8221;0&#8243; sticky_enabled=&#8221;0&#8243;][\/et_pb_button][\/et_pb_column][\/et_pb_row][et_pb_row column_structure=&#8221;1_3,1_3,1_3&#8243; _builder_version=&#8221;4.21.0&#8243; _module_preset=&#8221;default&#8221; global_colors_info=&#8221;{}&#8221;][et_pb_column type=&#8221;1_3&#8243; _builder_version=&#8221;4.21.0&#8243; _module_preset=&#8221;default&#8221; global_colors_info=&#8221;{}&#8221;][et_pb_video src=&#8221;https:\/\/www.youtube.com\/v\/8rjl0BcnhJM&#8221; _builder_version=&#8221;4.21.0&#8243; _module_preset=&#8221;default&#8221; max_width=&#8221;75%&#8221; module_alignment=&#8221;center&#8221; global_colors_info=&#8221;{}&#8221;][\/et_pb_video][\/et_pb_column][et_pb_column type=&#8221;1_3&#8243; _builder_version=&#8221;4.21.0&#8243; _module_preset=&#8221;default&#8221; global_colors_info=&#8221;{}&#8221;][et_pb_video src=&#8221;https:\/\/www.youtube.com\/v\/fALeG0l6Jek&#8221; _builder_version=&#8221;4.21.0&#8243; _module_preset=&#8221;default&#8221; global_colors_info=&#8221;{}&#8221;][\/et_pb_video][\/et_pb_column][et_pb_column type=&#8221;1_3&#8243; _builder_version=&#8221;4.21.0&#8243; _module_preset=&#8221;default&#8221; global_colors_info=&#8221;{}&#8221;][et_pb_video src=&#8221;https:\/\/www.youtube.com\/v\/S2yIY6slPQo&#8221; _builder_version=&#8221;4.21.0&#8243; _module_preset=&#8221;default&#8221; global_colors_info=&#8221;{}&#8221;][\/et_pb_video][\/et_pb_column][\/et_pb_row][et_pb_row column_structure=&#8221;1_3,1_3,1_3&#8243; _builder_version=&#8221;4.21.0&#8243; _module_preset=&#8221;default&#8221; global_colors_info=&#8221;{}&#8221;][et_pb_column type=&#8221;1_3&#8243; _builder_version=&#8221;4.21.0&#8243; _module_preset=&#8221;default&#8221; global_colors_info=&#8221;{}&#8221;][et_pb_video src=&#8221;https:\/\/www.youtube.com\/v\/YeUun6B6zk0&#8243; _builder_version=&#8221;4.21.0&#8243; _module_preset=&#8221;default&#8221; global_colors_info=&#8221;{}&#8221;][\/et_pb_video][\/et_pb_column][et_pb_column type=&#8221;1_3&#8243; _builder_version=&#8221;4.21.0&#8243; _module_preset=&#8221;default&#8221; global_colors_info=&#8221;{}&#8221;][et_pb_video src=&#8221;https:\/\/www.youtube.com\/v\/cTrwtMz-Rew&#8221; _builder_version=&#8221;4.21.0&#8243; _module_preset=&#8221;default&#8221; global_colors_info=&#8221;{}&#8221;][\/et_pb_video][\/et_pb_column][et_pb_column type=&#8221;1_3&#8243; _builder_version=&#8221;4.21.0&#8243; _module_preset=&#8221;default&#8221; global_colors_info=&#8221;{}&#8221;][et_pb_video src=&#8221;https:\/\/www.youtube.com\/v\/hTnK7pg1_OI&#8221; _builder_version=&#8221;4.21.0&#8243; _module_preset=&#8221;default&#8221; global_colors_info=&#8221;{}&#8221;][\/et_pb_video][\/et_pb_column][\/et_pb_row][et_pb_row column_structure=&#8221;1_3,1_3,1_3&#8243; _builder_version=&#8221;4.21.0&#8243; _module_preset=&#8221;default&#8221; global_colors_info=&#8221;{}&#8221;][et_pb_column type=&#8221;1_3&#8243; _builder_version=&#8221;4.21.0&#8243; _module_preset=&#8221;default&#8221; global_colors_info=&#8221;{}&#8221;][et_pb_video src=&#8221;https:\/\/www.youtube.com\/v\/isHARz4U8qw&#8221; _builder_version=&#8221;4.21.0&#8243; _module_preset=&#8221;default&#8221; global_colors_info=&#8221;{}&#8221;][\/et_pb_video][\/et_pb_column][et_pb_column type=&#8221;1_3&#8243; _builder_version=&#8221;4.21.0&#8243; _module_preset=&#8221;default&#8221; global_colors_info=&#8221;{}&#8221;][et_pb_video src=&#8221;https:\/\/www.youtube.com\/v\/uB72VOkUa5k&#8221; _builder_version=&#8221;4.21.0&#8243; _module_preset=&#8221;default&#8221; global_colors_info=&#8221;{}&#8221;][\/et_pb_video][\/et_pb_column][et_pb_column type=&#8221;1_3&#8243; _builder_version=&#8221;4.21.0&#8243; _module_preset=&#8221;default&#8221; global_colors_info=&#8221;{}&#8221;][et_pb_video src=&#8221;https:\/\/www.youtube.com\/v\/lanJPzY5-wQ&#8221; _builder_version=&#8221;4.21.0&#8243; _module_preset=&#8221;default&#8221; global_colors_info=&#8221;{}&#8221;][\/et_pb_video][\/et_pb_column][\/et_pb_row][et_pb_row column_structure=&#8221;1_3,1_3,1_3&#8243; _builder_version=&#8221;4.21.0&#8243; _module_preset=&#8221;default&#8221; global_colors_info=&#8221;{}&#8221;][et_pb_column type=&#8221;1_3&#8243; _builder_version=&#8221;4.21.0&#8243; _module_preset=&#8221;default&#8221; global_colors_info=&#8221;{}&#8221;][et_pb_video src=&#8221;https:\/\/www.youtube.com\/v\/MOwFoxrtu5s&#8221; _builder_version=&#8221;4.21.0&#8243; _module_preset=&#8221;default&#8221; global_colors_info=&#8221;{}&#8221;][\/et_pb_video][\/et_pb_column][et_pb_column type=&#8221;1_3&#8243; _builder_version=&#8221;4.21.0&#8243; _module_preset=&#8221;default&#8221; global_colors_info=&#8221;{}&#8221;][et_pb_video src=&#8221;https:\/\/www.youtube.com\/v\/E_dJfMZvbS0&#8243; _builder_version=&#8221;4.21.0&#8243; _module_preset=&#8221;default&#8221; global_colors_info=&#8221;{}&#8221;][\/et_pb_video][\/et_pb_column][et_pb_column type=&#8221;1_3&#8243; _builder_version=&#8221;4.21.0&#8243; _module_preset=&#8221;default&#8221; global_colors_info=&#8221;{}&#8221;][\/et_pb_column][\/et_pb_row][\/et_pb_section]<\/p>\n","protected":false},"excerpt":{"rendered":"<p>Falusi gyerekk\u00e9nt el\u0151szeretettel besz\u00e9lek a vid\u00e9ki \u00e9let sz\u00e9ps\u00e9geir\u0151l \u00e9s viszontags\u00e1gair\u00f3l. Ebb\u0151l kifoly\u00f3lag rendszeresen h\u00edvnak falunapokra, fesztiv\u00e1lokra, \u00e9s egy\u00e9b vid\u00e9ki, v\u00e1rosi rendezv\u00e9nyekre. Viszont nem \u00e1ll t\u00e1vol t\u0151lem a bulv\u00e1r, a celeb, de m\u00e9g a rajzfilmek vil\u00e1ga sem. A stand up mellett gyakran parodiz\u00e1lok, de az is el\u0151fordult m\u00e1r, hogy dalba \u00f6nt\u00f6ttem a po\u00e9njaimat. M\u0171soraim a f\u00e9l [&hellip;]<\/p>\n","protected":false},"author":1,"featured_media":0,"parent":0,"menu_order":0,"comment_status":"closed","ping_status":"closed","template":"","meta":{"_et_pb_use_builder":"on","_et_pb_old_content":"","_et_gb_content_width":"","footnotes":""},"class_list":["post-65","page","type-page","status-publish","hentry"],"_links":{"self":[{"href":"https:\/\/szikralaszlo.hu\/index.php\/wp-json\/wp\/v2\/pages\/65","targetHints":{"allow":["GET"]}}],"collection":[{"href":"https:\/\/szikralaszlo.hu\/index.php\/wp-json\/wp\/v2\/pages"}],"about":[{"href":"https:\/\/szikralaszlo.hu\/index.php\/wp-json\/wp\/v2\/types\/page"}],"author":[{"embeddable":true,"href":"https:\/\/szikralaszlo.hu\/index.php\/wp-json\/wp\/v2\/users\/1"}],"replies":[{"embeddable":true,"href":"https:\/\/szikralaszlo.hu\/index.php\/wp-json\/wp\/v2\/comments?post=65"}],"version-history":[{"count":3,"href":"https:\/\/szikralaszlo.hu\/index.php\/wp-json\/wp\/v2\/pages\/65\/revisions"}],"predecessor-version":[{"id":116,"href":"https:\/\/szikralaszlo.hu\/index.php\/wp-json\/wp\/v2\/pages\/65\/revisions\/116"}],"wp:attachment":[{"href":"https:\/\/szikralaszlo.hu\/index.php\/wp-json\/wp\/v2\/media?parent=65"}],"curies":[{"name":"wp","href":"https:\/\/api.w.org\/{rel}","templated":true}]}}