{"id":61,"date":"2023-07-29T09:49:32","date_gmt":"2023-07-29T09:49:32","guid":{"rendered":"https:\/\/szikralaszlo.valsador.hu\/?page_id=61"},"modified":"2023-07-29T10:35:53","modified_gmt":"2023-07-29T10:35:53","slug":"bemutatkozas","status":"publish","type":"page","link":"https:\/\/szikralaszlo.hu\/index.php\/bemutatkozas\/","title":{"rendered":"Bemutatkoz\u00e1s"},"content":{"rendered":"<p>[et_pb_section fb_built=&#8221;1&#8243; fullwidth=&#8221;on&#8221; _builder_version=&#8221;4.21.0&#8243; _module_preset=&#8221;default&#8221; background_image=&#8221;https:\/\/szikralaszlo.hu\/wp-content\/uploads\/2023\/07\/58b053c805beeea9e04dde1724076741_XL.jpg&#8221; parallax=&#8221;on&#8221; module_alignment=&#8221;center&#8221; custom_padding=&#8221;20vh||20vh||true|false&#8221; hover_enabled=&#8221;0&#8243; global_colors_info=&#8221;{}&#8221; title_text=&#8221;58b053c805beeea9e04dde1724076741_XL&#8221; sticky_enabled=&#8221;0&#8243;][et_pb_fullwidth_post_title meta=&#8221;off&#8221; featured_image=&#8221;off&#8221; _builder_version=&#8221;4.21.0&#8243; _module_preset=&#8221;default&#8221; title_font=&#8221;|800|||||||&#8221; title_text_align=&#8221;left&#8221; title_text_color=&#8221;#FFFFFF&#8221; title_font_size=&#8221;43px&#8221; custom_padding=&#8221;0px|||||&#8221; global_colors_info=&#8221;{}&#8221;][\/et_pb_fullwidth_post_title][\/et_pb_section][et_pb_section fb_built=&#8221;1&#8243; _builder_version=&#8221;4.21.0&#8243; _module_preset=&#8221;default&#8221; global_colors_info=&#8221;{}&#8221;][et_pb_row _builder_version=&#8221;4.21.0&#8243; _module_preset=&#8221;default&#8221; global_colors_info=&#8221;{}&#8221;][et_pb_column type=&#8221;4_4&#8243; _builder_version=&#8221;4.21.0&#8243; _module_preset=&#8221;default&#8221; global_colors_info=&#8221;{}&#8221;][et_pb_text _builder_version=&#8221;4.21.0&#8243; _module_preset=&#8221;default&#8221; global_colors_info=&#8221;{}&#8221;]<\/p>\n<p><span>K\u00f6sz\u00f6n\u00f6m, hogy ell\u00e1togatt\u00e1l a honlapomra! Szikra L\u00e1szl\u00f3 vagyok, humorista \u00e9s stand up komikus. Sokan k\u00e9rdezt\u00e9k t\u0151lem: \u201c Hogyan lett\u00e9l humorista?\u201d. A t\u00f6rt\u00e9net egyszer\u0171 \u00e9s szokv\u00e1nyos. Csal\u00e1di \u00e9s bar\u00e1ti \u00f6sszej\u00f6veteleken mindig \u00e9n voltam a Humor Herold, \u00e9s ilyenkor t\u00f6bben biztattak, hogy: \u201c Pr\u00f3b\u00e1ld meg! Ezt te is tudn\u00e1d csin\u00e1lni!\u201d. A kezd\u0151 l\u00f6k\u00e9st viszont Keresztany\u00e1m adta meg, azzal a mondat\u00e1val, hogy: \u201c Laci te olyan h\u00fclye vagy! Neked azt kellene csin\u00e1lnod, amit a F\u00e1bry!\u201d. Kipr\u00f3b\u00e1ltam \u00e9s bej\u00f6tt. 2007 nyar\u00e1n elkezdtem \u00f6ssze\u00edrni a fejemb\u0151l kipattant Szikr\u00e1kat, majd hamarosan j\u00f6tt az els\u0151 fell\u00e9p\u00e9sem, ami ut\u00e1n, sz\u00e9p sorj\u00e1ban egyre t\u00f6bb helyre h\u00edvtak.<\/span><\/p>\n<p><span>2009-ben megnyertem az\u00a0<\/span><b>I. Duma-Tisza Humorbajnoks\u00e1got<\/b><span>, \u00e9s a\u00a0<\/span><b>Showder Klub<\/b><span>\u00a0Dumag\u00e9pek tehets\u00e9gkutat\u00f3j\u00e1n is egyenesen a d\u00f6nt\u0151ig mas\u00edroztam. 2010-ben pedig a\u00a0<\/span><b>TV2 Frizbi Humorbajnoks\u00e1g\u00e1nak<\/b><span>\u00a0d\u00f6nt\u0151se voltam.<\/span><\/p>\n<p><span>A 2011-es \u00e9v \u00f3ri\u00e1si \u00e1tt\u00f6r\u00e9s volt az \u00e9letemben, hiszen teljes\u00fclt az egyik \u00e1lmom, miszerint szerepelhettem a\u00a0<\/span><b>R\u00e1di\u00f3kabar\u00e9ban<\/b><span>, abban a m\u0171sorban, amelyen egy magamfajta humorkedvel\u0151 ember feln\u0151, \u00e9s amely m\u0171sornak az\u00f3ta is rendszeres fell\u00e9p\u0151je vagyok. Szint\u00e9n 2011-t\u0151l, k\u00e9t \u00e9ven kereszt\u00fcl szerepeltem\u00a0<\/span><b>a N\u00f3ta Tv \u201cGegmen\u0151k\u201d c\u00edm\u0171 m\u0171sor\u00e1ban<\/b><span>. Mindezek mellett felt\u0171ntem m\u00e1r a k\u00e9perny\u0151n\u00a0<\/span><b>a Muzsika Tv-ben, valamint kisebb csatorn\u00e1k humoros, sz\u00f3rakoztat\u00f3 m\u0171soraiban egyar\u00e1nt.<\/b><\/p>\n<p><span>A R\u00e1di\u00f3kabar\u00e9 mellett egy m\u00e1sik nagy fordul\u00f3pont a p\u00e1lyafut\u00e1somban az volt, hogy 2015-t\u0151l,\u00a0<\/span><b>imm\u00e1ron hivatalosan is a Showder Klub humorist\u00e1j\u00e1nak vallhatom magam<\/b><span>, valamint rendszeres szerepl\u0151je vagyok\u00a0<\/span><b>az ATV Dumakabar\u00e9 c\u00edm\u0171 humoros m\u0171sor\u00e1nak<\/b><span>.<\/span><\/p>\n<p><span>M\u00e9g ebben az \u00e9vben siker\u00fclt megd\u00f6ntenem Bad\u00e1r S\u00e1ndor 7 \u00e9s f\u00e9l \u00f3r\u00e1s Magyar Stand Up cs\u00facs\u00e1t, ugyanis m\u00e1rcius 29-\u00e9n a Bethlen T\u00e9ri Sz\u00ednh\u00e1z nagyterm\u00e9ben\u00a0<\/span><b>8 \u00f3r\u00e1n \u00e9s 5 percen kereszt\u00fcl, folyamatosan sz\u00f3rakoztattam a nagy\u00e9rdem\u0171t<span>\u00a0<\/span><\/b><span>\u00fagy, hogy egyszer sem ism\u00e9teltem magam, \u00e9s amivel jelenleg hivatalosan is eny\u00e9m\u00a0<\/span><b>A Leghosszabb Magyar Stand Up Comedy Rekord<\/b><span>. \u00c9s ez m\u00e9g csak a kezdet! \ud83d\ude00<\/span><\/p>\n<p><span>Humorista \u00e9letem egyik legmeghat\u00e1roz\u00f3bb \u00e9lm\u00e9nye az volt, amikor a Ny\u00edr\u0151 Gyula K\u00f3rh\u00e1zban l\u00e9ptem fel a betegeknek, \u00e9s a m\u0171sor ut\u00e1n egy id\u0151s n\u00e9ni a kezemet szorongatva, k\u00f6nnyes szemmel annyit mondott: \u201c K\u00f6sz\u00f6n\u00f6m fiatalember! M\u00e1r nem is eml\u00e9kszem r\u00e1, hogy mikor nevettem ilyen j\u00f3t utolj\u00e1ra. K\u00f6sz\u00f6n\u00f6m, hogy m\u00e1sf\u00e9l \u00f3r\u00e1ig elfeledtette velem minden nyomor\u00fas\u00e1gomat, \u00e9s \u00fajra tudtam teljes sz\u00edvemb\u0151l, \u0151szint\u00e9n nevetni! \u201c<\/span><\/p>\n<p><span>Amennyiben t\u00f6bbet szeretn\u00e9l megtudni r\u00f3lam, b\u00f6ng\u00e9ssz az oldalamon! Szikr\u00e1z\u00f3 sz\u00e9p napot \u00e9s j\u00f3 sz\u00f3rakoz\u00e1st!<\/span><\/p>\n<p>[\/et_pb_text][\/et_pb_column][\/et_pb_row][\/et_pb_section]<\/p>\n","protected":false},"excerpt":{"rendered":"<p>K\u00f6sz\u00f6n\u00f6m, hogy ell\u00e1togatt\u00e1l a honlapomra! Szikra L\u00e1szl\u00f3 vagyok, humorista \u00e9s stand up komikus. Sokan k\u00e9rdezt\u00e9k t\u0151lem: \u201c Hogyan lett\u00e9l humorista?\u201d. A t\u00f6rt\u00e9net egyszer\u0171 \u00e9s szokv\u00e1nyos. Csal\u00e1di \u00e9s bar\u00e1ti \u00f6sszej\u00f6veteleken mindig \u00e9n voltam a Humor Herold, \u00e9s ilyenkor t\u00f6bben biztattak, hogy: \u201c Pr\u00f3b\u00e1ld meg! Ezt te is tudn\u00e1d csin\u00e1lni!\u201d. A kezd\u0151 l\u00f6k\u00e9st viszont Keresztany\u00e1m adta meg, [&hellip;]<\/p>\n","protected":false},"author":1,"featured_media":0,"parent":0,"menu_order":0,"comment_status":"closed","ping_status":"closed","template":"","meta":{"_et_pb_use_builder":"on","_et_pb_old_content":"","_et_gb_content_width":"","footnotes":""},"class_list":["post-61","page","type-page","status-publish","hentry"],"_links":{"self":[{"href":"https:\/\/szikralaszlo.hu\/index.php\/wp-json\/wp\/v2\/pages\/61","targetHints":{"allow":["GET"]}}],"collection":[{"href":"https:\/\/szikralaszlo.hu\/index.php\/wp-json\/wp\/v2\/pages"}],"about":[{"href":"https:\/\/szikralaszlo.hu\/index.php\/wp-json\/wp\/v2\/types\/page"}],"author":[{"embeddable":true,"href":"https:\/\/szikralaszlo.hu\/index.php\/wp-json\/wp\/v2\/users\/1"}],"replies":[{"embeddable":true,"href":"https:\/\/szikralaszlo.hu\/index.php\/wp-json\/wp\/v2\/comments?post=61"}],"version-history":[{"count":3,"href":"https:\/\/szikralaszlo.hu\/index.php\/wp-json\/wp\/v2\/pages\/61\/revisions"}],"predecessor-version":[{"id":113,"href":"https:\/\/szikralaszlo.hu\/index.php\/wp-json\/wp\/v2\/pages\/61\/revisions\/113"}],"wp:attachment":[{"href":"https:\/\/szikralaszlo.hu\/index.php\/wp-json\/wp\/v2\/media?parent=61"}],"curies":[{"name":"wp","href":"https:\/\/api.w.org\/{rel}","templated":true}]}}