{"id":57,"date":"2023-07-29T09:45:48","date_gmt":"2023-07-29T09:45:48","guid":{"rendered":"https:\/\/szikralaszlo.valsador.hu\/?page_id=57"},"modified":"2024-09-18T06:30:57","modified_gmt":"2024-09-18T06:30:57","slug":"fooldal","status":"publish","type":"page","link":"https:\/\/szikralaszlo.hu\/","title":{"rendered":"F\u0151oldal"},"content":{"rendered":"<p>[et_pb_section fb_built=&#8221;1&#8243; fullwidth=&#8221;on&#8221; _builder_version=&#8221;4.21.0&#8243; _module_preset=&#8221;default&#8221; global_colors_info=&#8221;{}&#8221;][et_pb_fullwidth_slider _builder_version=&#8221;4.21.0&#8243; _module_preset=&#8221;default&#8221; parallax=&#8221;on&#8221; parallax_method=&#8221;on&#8221; min_height=&#8221;60vh&#8221; min_height_tablet=&#8221;60vh&#8221; min_height_phone=&#8221;30vh&#8221; min_height_last_edited=&#8221;on|phone&#8221; auto=&#8221;on&#8221; auto_ignore_hover=&#8221;on&#8221; global_colors_info=&#8221;{}&#8221;][et_pb_slide _builder_version=&#8221;4.21.0&#8243; _module_preset=&#8221;default&#8221; background_image=&#8221;https:\/\/szikralaszlo.hu\/wp-content\/uploads\/2023\/07\/1.jpg&#8221; background_enable_image=&#8221;on&#8221; global_colors_info=&#8221;{}&#8221; sticky_transition=&#8221;on&#8221;][\/et_pb_slide][et_pb_slide _builder_version=&#8221;4.21.0&#8243; _module_preset=&#8221;default&#8221; background_image=&#8221;https:\/\/szikralaszlo.hu\/wp-content\/uploads\/2023\/07\/2.jpg&#8221; background_enable_image=&#8221;on&#8221; global_colors_info=&#8221;{}&#8221; sticky_transition=&#8221;on&#8221;][\/et_pb_slide][et_pb_slide _builder_version=&#8221;4.21.0&#8243; _module_preset=&#8221;default&#8221; background_image=&#8221;https:\/\/szikralaszlo.hu\/wp-content\/uploads\/2023\/07\/3.jpg&#8221; background_enable_image=&#8221;on&#8221; global_colors_info=&#8221;{}&#8221; sticky_transition=&#8221;on&#8221;][\/et_pb_slide][et_pb_slide _builder_version=&#8221;4.21.0&#8243; _module_preset=&#8221;default&#8221; background_image=&#8221;https:\/\/szikralaszlo.hu\/wp-content\/uploads\/2023\/07\/4.jpg&#8221; background_enable_image=&#8221;on&#8221; global_colors_info=&#8221;{}&#8221; sticky_transition=&#8221;on&#8221;][\/et_pb_slide][et_pb_slide _builder_version=&#8221;4.21.0&#8243; _module_preset=&#8221;default&#8221; background_image=&#8221;https:\/\/szikralaszlo.hu\/wp-content\/uploads\/2023\/07\/5.jpg&#8221; background_enable_image=&#8221;on&#8221; global_colors_info=&#8221;{}&#8221; sticky_transition=&#8221;on&#8221;][\/et_pb_slide][et_pb_slide _builder_version=&#8221;4.21.0&#8243; _module_preset=&#8221;default&#8221; background_image=&#8221;https:\/\/szikralaszlo.hu\/wp-content\/uploads\/2023\/07\/6.jpg&#8221; background_enable_image=&#8221;on&#8221; global_colors_info=&#8221;{}&#8221; sticky_transition=&#8221;on&#8221;][\/et_pb_slide][et_pb_slide _builder_version=&#8221;4.21.0&#8243; _module_preset=&#8221;default&#8221; background_image=&#8221;https:\/\/szikralaszlo.hu\/wp-content\/uploads\/2023\/07\/7.jpg&#8221; background_enable_image=&#8221;on&#8221; global_colors_info=&#8221;{}&#8221; sticky_transition=&#8221;on&#8221;][\/et_pb_slide][\/et_pb_fullwidth_slider][\/et_pb_section][et_pb_section fb_built=&#8221;1&#8243; _builder_version=&#8221;4.21.0&#8243; _module_preset=&#8221;default&#8221; global_colors_info=&#8221;{}&#8221;][et_pb_row _builder_version=&#8221;4.21.0&#8243; _module_preset=&#8221;default&#8221; global_colors_info=&#8221;{}&#8221;][et_pb_column type=&#8221;4_4&#8243; _builder_version=&#8221;4.21.0&#8243; _module_preset=&#8221;default&#8221; global_colors_info=&#8221;{}&#8221;][et_pb_text _builder_version=&#8221;4.21.0&#8243; _module_preset=&#8221;default&#8221; text_font_size=&#8221;18px&#8221; text_orientation=&#8221;center&#8221; global_colors_info=&#8221;{}&#8221;]<\/p>\n<p><strong>Szikra L\u00e1szl\u00f3 a Showder Klub, a R\u00e1di\u00f3kabar\u00e9, \u00e9s az ATV Dumakabar\u00e9 c\u00edm\u0171 m\u0171sor\u00e1nak humorist\u00e1ja.<\/strong><br \/>8 \u00f3ra \u00e9s 5 perces el\u0151ad\u00e1s\u00e1val jelenleg \u0151 tartja a Leghosszabb Stand Up Comedy M\u0171sor Magyar Guiness Rekordj\u00e1t.<\/p>\n<p>[\/et_pb_text][\/et_pb_column][\/et_pb_row][\/et_pb_section][et_pb_section fb_built=&#8221;1&#8243; _builder_version=&#8221;4.21.0&#8243; _module_preset=&#8221;default&#8221; custom_padding=&#8221;0px||0px|||&#8221; global_colors_info=&#8221;{}&#8221;][et_pb_row column_structure=&#8221;1_2,1_2&#8243; use_custom_gutter=&#8221;on&#8221; gutter_width=&#8221;1&#8243; make_equal=&#8221;on&#8221; _builder_version=&#8221;4.21.0&#8243; _module_preset=&#8221;default&#8221; width=&#8221;100%&#8221; max_width=&#8221;100%&#8221; module_alignment=&#8221;center&#8221; custom_padding=&#8221;||0px|||&#8221; global_colors_info=&#8221;{}&#8221;][et_pb_column type=&#8221;1_2&#8243; _builder_version=&#8221;4.21.0&#8243; _module_preset=&#8221;default&#8221; global_colors_info=&#8221;{}&#8221;][et_pb_cta title=&#8221;Stand Up Comedy&#8221; button_text=&#8221;Kattint\u00e1sok&#8221; _builder_version=&#8221;4.21.0&#8243; _dynamic_attributes=&#8221;link_option_url&#8221; _module_preset=&#8221;default&#8221; header_font=&#8221;|800|||||||&#8221; header_font_size=&#8221;40px&#8221; body_font_size=&#8221;24px&#8221; background_color=&#8221;#f4b350&#8243; background_image=&#8221;https:\/\/szikralaszlo.hu\/wp-content\/uploads\/2023\/07\/standup.jpg&#8221; background_blend=&#8221;luminosity&#8221; custom_padding=&#8221;19vh||15vh||false|false&#8221; link_option_url=&#8221;@ET-DC@eyJkeW5hbWljIjp0cnVlLCJjb250ZW50IjoicG9zdF9saW5rX3VybF9wYWdlIiwic2V0dGluZ3MiOnsicG9zdF9pZCI6IjY1In19@&#8221; header_text_shadow_style=&#8221;preset1&#8243; text_shadow_style=&#8221;preset1&#8243; global_colors_info=&#8221;{}&#8221; background__hover_enabled=&#8221;on|hover&#8221; background_color__hover=&#8221;#542e1b&#8221; background_enable_color__hover=&#8221;on&#8221;]<\/p>\n<p>Humorm\u0171sor<\/p>\n<p>[\/et_pb_cta][\/et_pb_column][et_pb_column type=&#8221;1_2&#8243; _builder_version=&#8221;4.21.0&#8243; _module_preset=&#8221;default&#8221; global_colors_info=&#8221;{}&#8221;][et_pb_cta title=&#8221;Cerem\u00f3niamester&#8221; _builder_version=&#8221;4.21.0&#8243; _dynamic_attributes=&#8221;link_option_url&#8221; _module_preset=&#8221;default&#8221; header_font=&#8221;|800|||||||&#8221; header_font_size=&#8221;40px&#8221; body_font_size=&#8221;24px&#8221; background_color=&#8221;#000000&#8243; background_image=&#8221;https:\/\/szikralaszlo.hu\/wp-content\/uploads\/2023\/07\/ceremoniamester.jpg&#8221; background_blend=&#8221;luminosity&#8221; custom_padding=&#8221;19vh||15vh||false|false&#8221; link_option_url=&#8221;@ET-DC@eyJkeW5hbWljIjp0cnVlLCJjb250ZW50IjoicG9zdF9saW5rX3VybF9wYWdlIiwic2V0dGluZ3MiOnsicG9zdF9pZCI6IjY5In19@&#8221; header_text_shadow_style=&#8221;preset1&#8243; global_colors_info=&#8221;{}&#8221; background__hover_enabled=&#8221;on|hover&#8221; background_color__hover=&#8221;#514d38&#8243; background_enable_color__hover=&#8221;on&#8221;]&nbsp;[\/et_pb_cta][\/et_pb_column][\/et_pb_row][et_pb_row column_structure=&#8221;1_2,1_2&#8243; use_custom_gutter=&#8221;on&#8221; gutter_width=&#8221;1&#8243; make_equal=&#8221;on&#8221; _builder_version=&#8221;4.21.0&#8243; _module_preset=&#8221;default&#8221; width=&#8221;100%&#8221; max_width=&#8221;100%&#8221; module_alignment=&#8221;center&#8221; custom_padding=&#8221;0px||0px|||&#8221; global_colors_info=&#8221;{}&#8221;][et_pb_column type=&#8221;1_2&#8243; _builder_version=&#8221;4.21.0&#8243; _module_preset=&#8221;default&#8221; global_colors_info=&#8221;{}&#8221;][et_pb_cta title=&#8221;M\u0171sorvezet\u00e9s&#8221; _builder_version=&#8221;4.21.0&#8243; _dynamic_attributes=&#8221;link_option_url&#8221; _module_preset=&#8221;default&#8221; header_font=&#8221;|800|||||||&#8221; header_font_size=&#8221;40px&#8221; body_font_size=&#8221;24px&#8221; background_color=&#8221;#4183d7&#8243; background_image=&#8221;https:\/\/szikralaszlo.hu\/wp-content\/uploads\/2023\/07\/musorvezetes.jpg&#8221; background_blend=&#8221;luminosity&#8221; custom_padding=&#8221;15vh||15vh||false|false&#8221; link_option_url=&#8221;@ET-DC@eyJkeW5hbWljIjp0cnVlLCJjb250ZW50IjoicG9zdF9saW5rX3VybF9wYWdlIiwic2V0dGluZ3MiOnsicG9zdF9pZCI6IjcxIn19@&#8221; header_text_shadow_style=&#8221;preset1&#8243; text_shadow_style=&#8221;preset1&#8243; global_colors_info=&#8221;{}&#8221; background__hover_enabled=&#8221;on|hover&#8221; background_color__hover=&#8221;#25357c&#8221; background_enable_color__hover=&#8221;on&#8221;]<\/p>\n<p>Konfer\u00e1l\u00e1s<\/p>\n<p>[\/et_pb_cta][\/et_pb_column][et_pb_column type=&#8221;1_2&#8243; _builder_version=&#8221;4.21.0&#8243; _module_preset=&#8221;default&#8221; global_colors_info=&#8221;{}&#8221;][et_pb_cta title=&#8221;Csapat\u00e9p\u00edt\u0151 training&#8221; _builder_version=&#8221;4.21.0&#8243; _dynamic_attributes=&#8221;link_option_url&#8221; _module_preset=&#8221;default&#8221; header_font=&#8221;|800|||||||&#8221; header_font_size=&#8221;40px&#8221; body_font_size=&#8221;24px&#8221; background_color=&#8221;#a8bf41&#8243; background_image=&#8221;https:\/\/szikralaszlo.hu\/wp-content\/uploads\/2023\/07\/csapatepito.jpg&#8221; background_blend=&#8221;luminosity&#8221; custom_padding=&#8221;17vh||15vh||false|false&#8221; link_option_url=&#8221;@ET-DC@eyJkeW5hbWljIjp0cnVlLCJjb250ZW50IjoicG9zdF9saW5rX3VybF9wYWdlIiwic2V0dGluZ3MiOnsicG9zdF9pZCI6IjczIn19@&#8221; header_text_shadow_style=&#8221;preset1&#8243; body_text_shadow_style=&#8221;preset1&#8243; global_colors_info=&#8221;{}&#8221; background__hover_enabled=&#8221;on|hover&#8221; background_color__hover=&#8221;#5d7c2a&#8221; background_enable_color__hover=&#8221;on&#8221;][\/et_pb_cta][\/et_pb_column][\/et_pb_row][\/et_pb_section][et_pb_section fb_built=&#8221;1&#8243; _builder_version=&#8221;4.21.0&#8243; _module_preset=&#8221;default&#8221; global_colors_info=&#8221;{}&#8221;][et_pb_row _builder_version=&#8221;4.21.0&#8243; _module_preset=&#8221;default&#8221; global_colors_info=&#8221;{}&#8221;][et_pb_column type=&#8221;4_4&#8243; _builder_version=&#8221;4.21.0&#8243; _module_preset=&#8221;default&#8221; global_colors_info=&#8221;{}&#8221;][et_pb_video src=&#8221;https:\/\/www.youtube.com\/watch?v=hBeus1cDBKw&#8221; _builder_version=&#8221;4.21.0&#8243; _module_preset=&#8221;default&#8221; global_colors_info=&#8221;{}&#8221;][\/et_pb_video][et_pb_button button_url=&#8221;@ET-DC@eyJkeW5hbWljIjp0cnVlLCJjb250ZW50IjoicG9zdF9saW5rX3VybF9wYWdlIiwic2V0dGluZ3MiOnsicG9zdF9pZCI6Ijc1In19@&#8221; button_text=&#8221;Aj\u00e1nlatot k\u00e9rek&#8221; button_alignment=&#8221;center&#8221; _builder_version=&#8221;4.21.0&#8243; _dynamic_attributes=&#8221;button_url&#8221; _module_preset=&#8221;default&#8221; global_colors_info=&#8221;{}&#8221;][\/et_pb_button][\/et_pb_column][\/et_pb_row][\/et_pb_section]<\/p>\n","protected":false},"excerpt":{"rendered":"<p>Szikra L\u00e1szl\u00f3 a Showder Klub, a R\u00e1di\u00f3kabar\u00e9, \u00e9s az ATV Dumakabar\u00e9 c\u00edm\u0171 m\u0171sor\u00e1nak humorist\u00e1ja.8 \u00f3ra \u00e9s 5 perces el\u0151ad\u00e1s\u00e1val jelenleg \u0151 tartja a Leghosszabb Stand Up Comedy M\u0171sor Magyar Guiness Rekordj\u00e1t.Humorm\u0171sor&nbsp;Konfer\u00e1l\u00e1s<\/p>\n","protected":false},"author":1,"featured_media":0,"parent":0,"menu_order":0,"comment_status":"closed","ping_status":"closed","template":"","meta":{"_et_pb_use_builder":"on","_et_pb_old_content":"","_et_gb_content_width":"","footnotes":""},"class_list":["post-57","page","type-page","status-publish","hentry"],"_links":{"self":[{"href":"https:\/\/szikralaszlo.hu\/index.php\/wp-json\/wp\/v2\/pages\/57","targetHints":{"allow":["GET"]}}],"collection":[{"href":"https:\/\/szikralaszlo.hu\/index.php\/wp-json\/wp\/v2\/pages"}],"about":[{"href":"https:\/\/szikralaszlo.hu\/index.php\/wp-json\/wp\/v2\/types\/page"}],"author":[{"embeddable":true,"href":"https:\/\/szikralaszlo.hu\/index.php\/wp-json\/wp\/v2\/users\/1"}],"replies":[{"embeddable":true,"href":"https:\/\/szikralaszlo.hu\/index.php\/wp-json\/wp\/v2\/comments?post=57"}],"version-history":[{"count":14,"href":"https:\/\/szikralaszlo.hu\/index.php\/wp-json\/wp\/v2\/pages\/57\/revisions"}],"predecessor-version":[{"id":205,"href":"https:\/\/szikralaszlo.hu\/index.php\/wp-json\/wp\/v2\/pages\/57\/revisions\/205"}],"wp:attachment":[{"href":"https:\/\/szikralaszlo.hu\/index.php\/wp-json\/wp\/v2\/media?parent=57"}],"curies":[{"name":"wp","href":"https:\/\/api.w.org\/{rel}","templated":true}]}}